{"id":4082,"date":"2024-04-16T10:47:04","date_gmt":"2024-04-16T09:47:04","guid":{"rendered":"https:\/\/www.oneeden.com\/dziekuje\/"},"modified":"2024-04-16T10:47:04","modified_gmt":"2024-04-16T09:47:04","slug":"dziekuje","status":"publish","type":"page","link":"https:\/\/www.oneeden.com\/pl\/dziekuje\/","title":{"rendered":"Dzi\u0119kuj\u0119"},"content":{"rendered":"<p>Subskrypcja zosta\u0142a pomy\u015blnie skonfigurowana.<\/p>\n","protected":false},"excerpt":{"rendered":"<p>Subskrypcja zosta\u0142a pomy\u015blnie skonfigurowana.<\/p>\n","protected":false},"author":1,"featured_media":0,"parent":0,"menu_order":0,"comment_status":"closed","ping_status":"closed","template":"","meta":{"content-type":"","footnotes":""},"class_list":["post-4082","page","type-page","status-publish","hentry"],"_links":{"self":[{"href":"https:\/\/www.oneeden.com\/pl\/wp-json\/wp\/v2\/pages\/4082","targetHints":{"allow":["GET"]}}],"collection":[{"href":"https:\/\/www.oneeden.com\/pl\/wp-json\/wp\/v2\/pages"}],"about":[{"href":"https:\/\/www.oneeden.com\/pl\/wp-json\/wp\/v2\/types\/page"}],"author":[{"embeddable":true,"href":"https:\/\/www.oneeden.com\/pl\/wp-json\/wp\/v2\/users\/1"}],"replies":[{"embeddable":true,"href":"https:\/\/www.oneeden.com\/pl\/wp-json\/wp\/v2\/comments?post=4082"}],"version-history":[{"count":0,"href":"https:\/\/www.oneeden.com\/pl\/wp-json\/wp\/v2\/pages\/4082\/revisions"}],"wp:attachment":[{"href":"https:\/\/www.oneeden.com\/pl\/wp-json\/wp\/v2\/media?parent=4082"}],"curies":[{"name":"wp","href":"https:\/\/api.w.org\/{rel}","templated":true}]}}