{"id":4066,"date":"2024-04-08T14:02:57","date_gmt":"2024-04-08T13:02:57","guid":{"rendered":"https:\/\/www.oneeden.com\/agencje\/"},"modified":"2024-08-21T10:57:20","modified_gmt":"2024-08-21T09:57:20","slug":"agencje","status":"publish","type":"page","link":"https:\/\/www.oneeden.com\/pl\/agencje\/","title":{"rendered":"Agencje"},"content":{"rendered":"<style>.elementor-4066 .elementor-element.elementor-element-916de8e{margin-top:96px;margin-bottom:96px;}.elementor-4066 .elementor-element.elementor-element-d8cf357 .elementor-heading-title{color:var( --e-global-color-text );}.elementor-4066 .elementor-element.elementor-element-6284713 .elementor-field-group{padding-right:calc( 22px\/2 );padding-left:calc( 22px\/2 );margin-bottom:22px;}.elementor-4066 .elementor-element.elementor-element-6284713 .elementor-form-fields-wrapper{margin-left:calc( -22px\/2 );margin-right:calc( -22px\/2 );margin-bottom:-22px;}.elementor-4066 .elementor-element.elementor-element-6284713 .elementor-field-group.recaptcha_v3-bottomleft, .elementor-4066 .elementor-element.elementor-element-6284713 .elementor-field-group.recaptcha_v3-bottomright{margin-bottom:0;}body.rtl .elementor-4066 .elementor-element.elementor-element-6284713 .elementor-labels-inline .elementor-field-group > label{padding-left:0px;}body:not(.rtl) .elementor-4066 .elementor-element.elementor-element-6284713 .elementor-labels-inline .elementor-field-group > label{padding-right:0px;}body .elementor-4066 .elementor-element.elementor-element-6284713 .elementor-labels-above .elementor-field-group > label{padding-bottom:0px;}.elementor-4066 .elementor-element.elementor-element-6284713 .elementor-field-type-html{padding-bottom:12px;}.elementor-4066 .elementor-element.elementor-element-6284713 .elementor-field-group .elementor-field:not(.elementor-select-wrapper){background-color:#ffffff;}.elementor-4066 .elementor-element.elementor-element-6284713 .elementor-field-group .elementor-select-wrapper select{background-color:#ffffff;}.elementor-4066 .elementor-element.elementor-element-6284713 .e-form__buttons__wrapper__button-next{color:#ffffff;}.elementor-4066 .elementor-element.elementor-element-6284713 .elementor-button[type=\"submit\"]{color:#ffffff;}.elementor-4066 .elementor-element.elementor-element-6284713 .elementor-button[type=\"submit\"] svg *{fill:#ffffff;}.elementor-4066 .elementor-element.elementor-element-6284713 .e-form__buttons__wrapper__button-previous{color:#ffffff;}.elementor-4066 .elementor-element.elementor-element-6284713 .e-form__buttons__wrapper__button-next:hover{background-color:var( --e-global-color-text );color:#ffffff;}.elementor-4066 .elementor-element.elementor-element-6284713 .elementor-button[type=\"submit\"]:hover{background-color:var( --e-global-color-text );color:#ffffff;}.elementor-4066 .elementor-element.elementor-element-6284713 .elementor-button[type=\"submit\"]:hover svg *{fill:#ffffff;}.elementor-4066 .elementor-element.elementor-element-6284713 .e-form__buttons__wrapper__button-previous:hover{color:#ffffff;}.elementor-4066 .elementor-element.elementor-element-6284713{--e-form-steps-indicators-spacing:20px;--e-form-steps-indicator-padding:30px;--e-form-steps-indicator-inactive-secondary-color:#ffffff;--e-form-steps-indicator-active-secondary-color:#ffffff;--e-form-steps-indicator-completed-secondary-color:#ffffff;--e-form-steps-divider-width:1px;--e-form-steps-divider-gap:10px;}<\/style>\t\t<div data-elementor-type=\"wp-page\" data-elementor-id=\"4066\" class=\"elementor elementor-4066 elementor-108\" data-elementor-post-type=\"page\">\n\t\t\t\t\t\t<section class=\"elementor-section elementor-top-section elementor-element elementor-element-916de8e elementor-section-boxed elementor-section-height-default elementor-section-height-default\" data-id=\"916de8e\" data-element_type=\"section\" data-e-type=\"section\">\n\t\t\t\t\t\t<div class=\"elementor-container elementor-column-gap-default\">\n\t\t\t\t\t<div class=\"elementor-column elementor-col-100 elementor-top-column elementor-element elementor-element-dd0049c\" data-id=\"dd0049c\" data-element_type=\"column\" data-e-type=\"column\">\n\t\t\t<div class=\"elementor-widget-wrap elementor-element-populated\">\n\t\t\t\t\t\t<div class=\"elementor-element elementor-element-d8cf357 elementor-widget elementor-widget-heading\" data-id=\"d8cf357\" data-element_type=\"widget\" data-e-type=\"widget\" data-widget_type=\"heading.default\">\n\t\t\t\t<div class=\"elementor-widget-container\">\n\t\t\t\t\t<h2 class=\"elementor-heading-title elementor-size-default\">Pracuj z nami<\/h2>\t\t\t\t<\/div>\n\t\t\t\t<\/div>\n\t\t\t\t<div class=\"elementor-element elementor-element-85fc9a1 elementor-widget elementor-widget-text-editor\" data-id=\"85fc9a1\" data-element_type=\"widget\" data-e-type=\"widget\" data-widget_type=\"text-editor.default\">\n\t\t\t\t<div class=\"elementor-widget-container\">\n\t\t\t\t\t\t\t\t\t<p>Je\u015bli chcesz zaoferowa\u0107 nasze nieruchomo\u015bci swoim klientom &#8211; wype\u0142nij poni\u017cszy formularz<\/p>\n\t\t\t\t\t\t\t\t<\/div>\n\t\t\t\t<\/div>\n\t\t\t\t<div class=\"elementor-element elementor-element-6284713 elementor-button-align-stretch elementor-widget elementor-widget-form\" data-id=\"6284713\" data-element_type=\"widget\" data-e-type=\"widget\" data-settings=\"{&quot;button_width&quot;:&quot;33&quot;,&quot;step_next_label&quot;:&quot;Nast\\u0119pny&quot;,&quot;step_previous_label&quot;:&quot;Poprzedni&quot;,&quot;step_type&quot;:&quot;number_text&quot;,&quot;step_icon_shape&quot;:&quot;circle&quot;}\" data-widget_type=\"form.default\">\n\t\t\t\t<div class=\"elementor-widget-container\">\n\t\t\t\t\t\t\t<form class=\"elementor-form\" method=\"post\" name=\"Nowy formularz\" aria-label=\"Nowy formularz\">\n\t\t\t<input type=\"hidden\" name=\"post_id\" value=\"4066\"\/>\n\t\t\t<input type=\"hidden\" name=\"form_id\" value=\"6284713\"\/>\n\t\t\t<input type=\"hidden\" name=\"referer_title\" value=\"Wsp\u00f3\u0142praca Z Agencjami \u2013 One Eden Nieruchomo\u015bci\" \/>\n\n\t\t\t\t\t\t\t<input type=\"hidden\" name=\"queried_id\" value=\"4066\"\/>\n\t\t\t\n\t\t\t<div class=\"elementor-form-fields-wrapper elementor-labels-\">\n\t\t\t\t\t\t\t\t<div class=\"elementor-field-type-email elementor-field-group elementor-column elementor-field-group-email elementor-col-100 elementor-field-required\">\n\t\t\t\t\t\t\t\t\t\t\t\t<label for=\"form-field-email\" class=\"elementor-field-label elementor-screen-only\">\n\t\t\t\t\t\t\t\tE-mail\t\t\t\t\t\t\t<\/label>\n\t\t\t\t\t\t\t\t\t\t\t\t\t\t<input size=\"1\" type=\"email\" name=\"form_fields[email]\" id=\"form-field-email\" class=\"elementor-field elementor-size-sm  elementor-field-textual\" placeholder=\"E-mail\" required=\"required\">\n\t\t\t\t\t\t\t\t\t\t\t<\/div>\n\t\t\t\t\t\t\t\t<div class=\"elementor-field-type-text elementor-field-group elementor-column elementor-field-group-name elementor-col-50\">\n\t\t\t\t\t\t\t\t\t\t\t\t<label for=\"form-field-name\" class=\"elementor-field-label elementor-screen-only\">\n\t\t\t\t\t\t\t\tImi\u0119\t\t\t\t\t\t\t<\/label>\n\t\t\t\t\t\t\t\t\t\t\t\t\t\t<input size=\"1\" type=\"text\" name=\"form_fields[name]\" id=\"form-field-name\" class=\"elementor-field elementor-size-sm  elementor-field-textual\" placeholder=\"Imi\u0119\">\n\t\t\t\t\t\t\t\t\t\t\t<\/div>\n\t\t\t\t\t\t\t\t<div class=\"elementor-field-type-text elementor-field-group elementor-column elementor-field-group-field_fd2b7e2 elementor-col-50\">\n\t\t\t\t\t\t\t\t\t\t\t\t<label for=\"form-field-field_fd2b7e2\" class=\"elementor-field-label elementor-screen-only\">\n\t\t\t\t\t\t\t\tNazwisko\t\t\t\t\t\t\t<\/label>\n\t\t\t\t\t\t\t\t\t\t\t\t\t\t<input size=\"1\" type=\"text\" name=\"form_fields[field_fd2b7e2]\" id=\"form-field-field_fd2b7e2\" class=\"elementor-field elementor-size-sm  elementor-field-textual\" placeholder=\"Nazwisko\">\n\t\t\t\t\t\t\t\t\t\t\t<\/div>\n\t\t\t\t\t\t\t\t<div class=\"elementor-field-type-text elementor-field-group elementor-column elementor-field-group-field_eeb6ef0 elementor-col-100\">\n\t\t\t\t\t\t\t\t\t\t\t\t<label for=\"form-field-field_eeb6ef0\" class=\"elementor-field-label elementor-screen-only\">\n\t\t\t\t\t\t\t\tNumer telefonu\t\t\t\t\t\t\t<\/label>\n\t\t\t\t\t\t\t\t\t\t\t\t\t\t<input size=\"1\" type=\"text\" name=\"form_fields[field_eeb6ef0]\" id=\"form-field-field_eeb6ef0\" class=\"elementor-field elementor-size-sm  elementor-field-textual\" placeholder=\"Numer telefonu\">\n\t\t\t\t\t\t\t\t\t\t\t<\/div>\n\t\t\t\t\t\t\t\t<div class=\"elementor-field-type-checkbox elementor-field-group elementor-column elementor-field-group-field_f1c7d88 elementor-col-100\">\n\t\t\t\t\t\t\t\t\t\t\t\t<label for=\"form-field-field_f1c7d88\" class=\"elementor-field-label elementor-screen-only\">\n\t\t\t\t\t\t\t\tPrzeczyta\u0142em i akceptuj\u0119 warunki Polityki prywatno\u015bci\t\t\t\t\t\t\t<\/label>\n\t\t\t\t\t\t<div class=\"elementor-field-subgroup  \"><span class=\"elementor-field-option\"><input type=\"checkbox\" value=\"Przeczyta\u0142em i akceptuj\u0119 warunki Polityki prywatno\u015bci\" id=\"form-field-field_f1c7d88-0\" name=\"form_fields[field_f1c7d88]\"> <label for=\"form-field-field_f1c7d88-0\">Przeczyta\u0142em i akceptuj\u0119 warunki Polityki prywatno\u015bci<\/label><\/span><\/div>\t\t\t\t<\/div>\n\t\t\t\t\t\t\t\t<div class=\"elementor-field-type-html elementor-field-group elementor-column elementor-field-group-field_329258d elementor-col-100\">\n\t\t\t\t\tKlikaj\u0105c \"Wy\u015blij\", wyra\u017casz zgod\u0119 na wysy\u0142anie przez One Eden okazjonalnych aktualizacji dotycz\u0105cych naszych projekt\u00f3w.\nU\u017cytkownik mo\u017ce zrezygnowa\u0107 z subskrypcji w dowolnym momencie. \t\t\t\t<\/div>\n\t\t\t\t\t\t\t\t<div class=\"elementor-field-group elementor-column elementor-field-type-submit elementor-col-33 e-form__buttons\">\n\t\t\t\t\t<button class=\"elementor-button elementor-size-sm elementor-animation-float\" type=\"submit\">\n\t\t\t\t\t\t<span class=\"elementor-button-content-wrapper\">\n\t\t\t\t\t\t\t\t\t\t\t\t\t\t\t\t\t\t\t\t\t\t<span class=\"elementor-button-text\">Prze\u015blij<\/span>\n\t\t\t\t\t\t\t\t\t\t\t\t\t<\/span>\n\t\t\t\t\t<\/button>\n\t\t\t\t<\/div>\n\t\t\t<\/div>\n\t\t<\/form>\n\t\t\t\t\t\t<\/div>\n\t\t\t\t<\/div>\n\t\t\t\t\t<\/div>\n\t\t<\/div>\n\t\t\t\t\t<\/div>\n\t\t<\/section>\n\t\t\t\t<\/div>\n\t\t","protected":false},"excerpt":{"rendered":"<p>Pracuj z nami Je\u015bli chcesz zaoferowa\u0107 nasze nieruchomo\u015bci swoim klientom &#8211; wype\u0142nij poni\u017cszy formularz<\/p>\n","protected":false},"author":1,"featured_media":0,"parent":0,"menu_order":0,"comment_status":"closed","ping_status":"closed","template":"","meta":{"content-type":"","footnotes":""},"class_list":["post-4066","page","type-page","status-publish","hentry"],"_links":{"self":[{"href":"https:\/\/www.oneeden.com\/pl\/wp-json\/wp\/v2\/pages\/4066","targetHints":{"allow":["GET"]}}],"collection":[{"href":"https:\/\/www.oneeden.com\/pl\/wp-json\/wp\/v2\/pages"}],"about":[{"href":"https:\/\/www.oneeden.com\/pl\/wp-json\/wp\/v2\/types\/page"}],"author":[{"embeddable":true,"href":"https:\/\/www.oneeden.com\/pl\/wp-json\/wp\/v2\/users\/1"}],"replies":[{"embeddable":true,"href":"https:\/\/www.oneeden.com\/pl\/wp-json\/wp\/v2\/comments?post=4066"}],"version-history":[{"count":1,"href":"https:\/\/www.oneeden.com\/pl\/wp-json\/wp\/v2\/pages\/4066\/revisions"}],"predecessor-version":[{"id":4067,"href":"https:\/\/www.oneeden.com\/pl\/wp-json\/wp\/v2\/pages\/4066\/revisions\/4067"}],"wp:attachment":[{"href":"https:\/\/www.oneeden.com\/pl\/wp-json\/wp\/v2\/media?parent=4066"}],"curies":[{"name":"wp","href":"https:\/\/api.w.org\/{rel}","templated":true}]}}