{"id":3944,"date":"2024-07-16T08:26:18","date_gmt":"2024-07-16T07:26:18","guid":{"rendered":"https:\/\/www.oneeden.com\/polityka-dotyczaca-plikow-cookie\/"},"modified":"2024-08-13T09:34:47","modified_gmt":"2024-08-13T08:34:47","slug":"polityka-dotyczaca-plikow-cookie","status":"publish","type":"page","link":"https:\/\/www.oneeden.com\/pl\/polityka-dotyczaca-plikow-cookie\/","title":{"rendered":"Polityka dotycz\u0105ca plik\u00f3w cookie"},"content":{"rendered":"<style>.elementor-3944 .elementor-element.elementor-element-b1d503e .elementor-heading-title{color:var( --e-global-color-secondary );}@media(min-width:768px){.elementor-3944 .elementor-element.elementor-element-b2870ef{width:80%;}.elementor-3944 .elementor-element.elementor-element-b7eb38a{width:20%;}}<\/style>\t\t<div data-elementor-type=\"wp-page\" data-elementor-id=\"3944\" class=\"elementor elementor-3944 elementor-2459\" data-elementor-post-type=\"page\">\n\t\t\t\t\t\t<section class=\"elementor-section elementor-top-section elementor-element elementor-element-e7ae011 elementor-section-boxed elementor-section-height-default elementor-section-height-default\" data-id=\"e7ae011\" data-element_type=\"section\" data-e-type=\"section\">\n\t\t\t\t\t\t<div class=\"elementor-container elementor-column-gap-default\">\n\t\t\t\t\t<div class=\"elementor-column elementor-col-50 elementor-top-column elementor-element elementor-element-b2870ef\" data-id=\"b2870ef\" data-element_type=\"column\" data-e-type=\"column\">\n\t\t\t<div class=\"elementor-widget-wrap elementor-element-populated\">\n\t\t\t\t\t\t<div class=\"elementor-element elementor-element-b1d503e elementor-widget elementor-widget-heading\" data-id=\"b1d503e\" data-element_type=\"widget\" data-e-type=\"widget\" data-widget_type=\"heading.default\">\n\t\t\t\t<div class=\"elementor-widget-container\">\n\t\t\t\t\t<h2 class=\"elementor-heading-title elementor-size-default\">Polityka dotycz\u0105ca plik\u00f3w cookie<\/h2>\t\t\t\t<\/div>\n\t\t\t\t<\/div>\n\t\t\t\t<div class=\"elementor-element elementor-element-4a33660 elementor-widget elementor-widget-text-editor\" data-id=\"4a33660\" data-element_type=\"widget\" data-e-type=\"widget\" data-widget_type=\"text-editor.default\">\n\t\t\t\t<div class=\"elementor-widget-container\">\n\t\t\t\t\t\t\t\t\t<p><span>W One Eden mo\u017cemy wykorzystywa\u0107 w\u0142asne lub zewn\u0119trzne pliki cookie w celu ulepszania oferowanych przez nas us\u0142ug i ich dzia\u0142ania, a tak\u017ce optymalizacji do\u015bwiadczenia u\u017cytkownika; oraz do przygotowywania informacji statystycznych.<\/span><\/p>\n<p><strong><span>CZYM S\u0104 PLIKI COOKIE?<\/span><\/strong><\/p>\n<p><span>Plik cookie to plik, kt\u00f3ry jest pobierany na komputer u\u017cytkownika po wej\u015bciu na okre\u015blone strony internetowe.<\/span><\/p>\n<p><span>Pliki cookie umo\u017cliwiaj\u0105 stronie internetowej, mi\u0119dzy innymi, przechowywanie i pobieranie informacji o nawykach przegl\u0105dania u\u017cytkownika lub jego sprz\u0119tu oraz, w zale\u017cno\u015bci od zawartych w nich informacji i sposobu korzystania z urz\u0105dzenia, mog\u0105 by\u0107 wykorzystywane do rozpoznawania u\u017cytkownika.<\/span><\/p>\n<p><strong><span>JAKICH PLIK\u00d3W COOKIE U\u017bYWA TA WITRYNA?<\/span><\/strong><\/p>\n<p><strong><span>Niezb\u0119dne pliki cookie<\/span><\/strong><\/p>\n<p><span>S\u0105 to niezb\u0119dne pliki cookie, kt\u00f3re nie wymagaj\u0105 zgody.<\/span><\/p>\n<\/p>\n<p><strong><span>__hs_opt_out<\/span><\/strong><\/p>\n<p><span>Ten plik cookie jest u\u017cywany przez polityk\u0119 prywatno\u015bci, aby nie prosi\u0107 u\u017cytkownika o ponowne zaakceptowanie plik\u00f3w cookie.<\/span><\/p>\n<p><span>Ten plik cookie jest ustawiany, gdy u\u017cytkownicy maj\u0105 mo\u017cliwo\u015b\u0107 rezygnacji z plik\u00f3w cookie.<\/span><\/p>\n<p><span>Zawiera ci\u0105g znak\u00f3w &#8222;tak&#8221; lub &#8222;nie&#8221;.<\/span><\/p>\n<p><span>Wygasa za 13 miesi\u0119cy.<\/span><\/p>\n<\/p>\n<p><strong><span>__hs_do_not_track<\/span><\/strong><\/p>\n<p><span>Ten plik cookie mo\u017cna ustawi\u0107, aby uniemo\u017cliwi\u0107 kodowi \u015bledzenia wysy\u0142anie jakichkolwiek informacji do HubSpot.<\/span><\/p>\n<p><span>Zawiera ci\u0105g znak\u00f3w &#8222;yes&#8221;.<\/span><\/p>\n<p><span>Wygasa za 13 miesi\u0119cy.<\/span><\/p>\n<\/p>\n<p><strong><span>__hs_initial_opt_in<\/span><\/strong><\/p>\n<p><span>Ten plik cookie jest u\u017cywany, aby zapobiec wy\u015bwietlaniu banera zawsze, gdy u\u017cytkownicy przegl\u0105daj\u0105 w trybie \u015bcis\u0142ym.<\/span><\/p>\n<p><span>Zawiera ci\u0105g znak\u00f3w &#8222;tak&#8221; lub &#8222;nie&#8221;.<\/span><\/p>\n<p><span>Wygasa za siedem dni.<\/span><\/p>\n<\/p>\n<p><strong><span>__hs_cookie_cat_pref<\/span><\/strong><\/p>\n<p><span>Ten plik cookie s\u0142u\u017cy do rejestrowania kategorii, na kt\u00f3re u\u017cytkownik wyra\u017ca zgod\u0119.<\/span><\/p>\n<p><span>Zawiera dane o kategoriach, na kt\u00f3re u\u017cytkownik wyra\u017ca zgod\u0119.<\/span><\/p>\n<p><span>Wygasa za 13 miesi\u0119cy.<\/span><\/p>\n<\/p>\n<p><strong><span>hs_ab_test<\/span><\/strong><\/p>\n<p><span>Ten plik cookie s\u0142u\u017cy do konsekwentnego dostarczania u\u017cytkownikom tej samej wersji strony testowej A\/B, kt\u00f3r\u0105 widzieli wcze\u015bniej.<\/span><\/p>\n<p><span>Zawiera identyfikator strony testu A\/B i identyfikator wariantu, kt\u00f3ry zosta\u0142 wybrany dla u\u017cytkownika.<\/span><\/p>\n<p><span>Wygasa po zako\u0144czeniu sesji.<\/span><\/p>\n<\/p>\n<p><strong><span>&lt;id&gt;_key<\/span><\/strong><\/p>\n<p><span>Gdy u\u017cytkownik odwiedza stron\u0119 chronion\u0105 has\u0142em, ten plik cookie jest ustawiany, aby przysz\u0142e wizyty na stronie z tej samej przegl\u0105darki nie wymaga\u0142y nowego logowania.<\/span><\/p>\n<p><span>Nazwa pliku cookie jest unikalna dla ka\u017cdej strony chronionej has\u0142em.<\/span><\/p>\n<p><span>Zawiera zaszyfrowan\u0105 wersj\u0119 has\u0142a, dzi\u0119ki czemu przysz\u0142e wizyty na stronie nie b\u0119d\u0105 wymaga\u0142y ponownego podania has\u0142a.<\/span><\/p>\n<p><span>Wygasa za 14 dni.<\/span><\/p>\n<\/p>\n<p><strong><span>hs-messages-is-open<\/span><\/strong><\/p>\n<p><span>Ten plik cookie s\u0142u\u017cy do okre\u015blania i zapisywania, czy wid\u017cet czatu jest otwarty dla przysz\u0142ych wizyt.<\/span><\/p>\n<p><span>Ustaw wid\u017cet w przegl\u0105darce u\u017cytkownika, gdy rozpoczyna on nowy czat i zamknij go ponownie po 30 minutach bezczynno\u015bci.<\/span><\/p>\n<p><span>Zawiera warto\u015b\u0107 logiczn\u0105 True, je\u015bli jest obecna.<\/span><\/p>\n<p><span>Wygasa za 30 minut.<\/span><\/p>\n<\/p>\n<p><strong><span>hs-messages-hide-welcome-message<\/span><\/strong><\/p>\n<p><span>Ten plik cookie s\u0142u\u017cy do uniemo\u017cliwienia ponownego wy\u015bwietlenia wid\u017cetu czatu przez jeden dzie\u0144 po jego wy\u0142\u0105czeniu.<\/span><\/p>\n<p><span>Zawiera warto\u015b\u0107 logiczn\u0105 True lub False.<\/span><\/p>\n<p><span>Wygasa w ci\u0105gu jednego dnia.<\/span><\/p>\n<\/p>\n<p><strong><span>__hsmem<\/span><\/strong><\/p>\n<p><span>Ten plik cookie jest ustawiany, gdy u\u017cytkownicy loguj\u0105 si\u0119 do witryny hostowanej przez HubSpot.<\/span><\/p>\n<p><span>Zawiera zaszyfrowane dane, kt\u00f3re identyfikuj\u0105 u\u017cytkownika podczas logowania.<\/span><\/p>\n<p><span>Wygasa za rok.<\/span><\/p>\n<\/p>\n<p><strong><span>hs-membership-csrf<\/span><\/strong><\/p>\n<p><span>Ten plik cookie s\u0142u\u017cy do zapewnienia, \u017ce loginy cz\u0142onkostwa w tre\u015bci nie mog\u0105 zosta\u0107 sfa\u0142szowane.<\/span><\/p>\n<p><span>Zawiera losowy ci\u0105g liter i cyfr wykorzystywany do weryfikacji autentyczno\u015bci loginu cz\u0142onkowskiego.<\/span><\/p>\n<p><span>Wygasa po zako\u0144czeniu sesji.<\/span><\/p>\n<\/p>\n<p><strong><span>hs_langswitcher_choice<\/span><\/strong><\/p>\n<p><span>Ten plik cookie s\u0142u\u017cy do zapisywania wybranej przez u\u017cytkownika opcji j\u0119zykowej podczas przegl\u0105dania stron w wielu j\u0119zykach.<\/span><\/p>\n<p><span>Jest on ustawiany, gdy u\u017cytkownik ko\u0144cowy wybierze j\u0119zyk z selektora j\u0119zyka i jest u\u017cywany jako preferencje j\u0119zykowe do przekierowywania go do witryn w wybranym j\u0119zyku w przysz\u0142o\u015bci, je\u015bli b\u0119d\u0105 dost\u0119pne.<\/span><\/p>\n<p><span>Zawiera rozdzielany dwukropkami ci\u0105g znak\u00f3w z opcj\u0105 kodu j\u0119zyka ISO639 po lewej stronie i odpowiedni\u0105 prywatn\u0105 domen\u0105 najwy\u017cszego poziomu po prawej stronie.<br \/>\nPrzyk\u0142adem mo\u017ce by\u0107 &#8222;ES-US:hubspot.com&#8221;. <\/span><\/p>\n<p><span>Wygasa za dwa lata.<\/span><\/p>\n<\/p>\n<p><strong><span>__cfduid<\/span><\/strong><\/p>\n<p><span>Ten plik cookie jest ustawiany przez dostawc\u0119 HubSpot CDN.<br \/>\nPomaga on Cloudflare wykrywa\u0107 z\u0142o\u015bliwych u\u017cytkownik\u00f3w witryny i minimalizowa\u0107 blokowanie legalnych u\u017cytkownik\u00f3w. <\/span><\/p>\n<p><span>Mo\u017cna go umie\u015bci\u0107 na urz\u0105dzeniach u\u017cytkownik\u00f3w, aby zidentyfikowa\u0107 poszczeg\u00f3lnych klient\u00f3w za wsp\u00f3lnym adresem IP i zastosowa\u0107 ustawienia zabezpiecze\u0144 dla ka\u017cdego klienta.<br \/>\nJest wymagany do obs\u0142ugi funkcji bezpiecze\u0144stwa Cloudfare. <\/span><\/p>\n<p><span>Dowiedz si\u0119 wi\u0119cej o pliku cookie Cloudflare.<\/span><\/p>\n<p><span>Jest to sesyjny plik cookie, kt\u00f3rego okres przechowywania wynosi maksymalnie 30 dni.<\/span><\/p>\n<\/p>\n<p><strong><span>__cfroid<\/span><\/strong><\/p>\n<p><span>Ten plik cookie jest ustawiany przez dostawc\u0119 CDN HubSpot ze wzgl\u0119du na ich zasady ograniczania szybko\u015bci.<br \/>\nDowiedz si\u0119 wi\u0119cej o plikach cookie Cloudflare.<br \/>\nWygasa po zako\u0144czeniu sesji.  <\/span><\/p>\n<\/p>\n<p><strong><span>Narz\u0119dzia analityczne<\/span><\/strong><\/p>\n<p><span>S\u0105 to nieistotne pliki cookie kontrolowane przez baner plik\u00f3w cookie.<br \/>\nJe\u015bli jeste\u015b u\u017cytkownikiem witryny obs\u0142ugiwanej przez HubSpot, mo\u017cesz zrezygnowa\u0107 z tych plik\u00f3w cookie, nie wyra\u017caj\u0105c na nie zgody. <\/span><\/p>\n<\/p>\n<p><strong><span>__hstc<\/span><\/strong><\/p>\n<p><span>G\u0142\u00f3wny plik cookie do \u015bledzenia u\u017cytkownik\u00f3w.<\/span><\/p>\n<p><span>Zawiera domen\u0119, utk, pocz\u0105tkowy znacznik czasu (pierwsza wizyta), najnowszy znacznik czasu (ostatnia wizyta), bie\u017c\u0105cy znacznik czasu (ta wizyta) i numer sesji (zwi\u0119kszany dla ka\u017cdej kolejnej sesji).<\/span><\/p>\n<p><span>Wygasa za 13 miesi\u0119cy.<\/span><\/p>\n<\/p>\n<p><strong><span>hubspotutk<\/span><\/strong><\/p>\n<p><span>Ten plik cookie \u015bledzi to\u017csamo\u015b\u0107 u\u017cytkownika.<br \/>\nJest on przekazywany do HubSpot po przes\u0142aniu formularza i wykorzystywany podczas deduplikacji kontakt\u00f3w. <\/span><\/p>\n<p><span>Zawiera nieprzezroczysty identyfikator GUID reprezentuj\u0105cy bie\u017c\u0105cego u\u017cytkownika.<\/span><\/p>\n<p><span>Wygasa za 13 miesi\u0119cy.<\/span><\/p>\n<\/p>\n<p><strong><span>__hssc<\/span><\/strong><\/p>\n<p><span>Ten plik cookie \u015bledzi sesje.<\/span><\/p>\n<p><span>S\u0142u\u017cy do okre\u015blenia, czy HubSpot powinien zwi\u0119kszy\u0107 numer sesji i znaczniki czasu w pliku cookie __hstc.<\/span><\/p>\n<p><span>Zawiera domen\u0119, liczb\u0119 ods\u0142on viewCount (zwi\u0119kszan\u0105 z ka\u017cd\u0105 ods\u0142on\u0105 strony w sesji) i znacznik czasu rozpocz\u0119cia sesji.<\/span><\/p>\n<p><span>Wygasa za 30 minut.<\/span><\/p>\n<\/p>\n<p><strong><span>__hssrc<\/span><\/strong><\/p>\n<p><span>Gdy HubSpot zmienia plik cookie sesji, ten plik cookie jest r\u00f3wnie\u017c ustawiany w celu ustalenia, czy u\u017cytkownik ponownie uruchomi\u0142 przegl\u0105dark\u0119.<\/span><\/p>\n<p><span>Je\u015bli ten plik cookie nie istnieje, gdy HubSpot zarz\u0105dza plikami cookie, jest on uwa\u017cany za now\u0105 sesj\u0119.<\/span><\/p>\n<p><span>Zawiera warto\u015b\u0107 &#8222;1&#8221;, je\u015bli jest obecna.<\/span><\/p>\n<p><span>Wygasa po zako\u0144czeniu sesji.<\/span><\/p>\n<p><span>Je\u015bli jeste\u015b zalogowany do HubSpot, HubSpot ustawi dodatkowe uwierzytelniaj\u0105ce pliki cookie.<br \/>\nDowiedz si\u0119 wi\u0119cej o plikach cookie ustawionych w produkcie HubSpot.<br \/>\nMo\u017cesz r\u00f3wnie\u017c sprawdzi\u0107, czy kontakt zaakceptowa\u0142 te pliki cookie na swojej osi czasu.  <\/span><\/p>\n<\/p>\n<p><strong><span>Funkcjonalne pliki cookie<\/span><\/strong><\/p>\n<p><strong><span>Plik cookie Chatflow<\/span><\/strong><\/p>\n<p><span>Jest to plik cookie u\u017cywany w narz\u0119dziu chatflows.<br \/>\nJe\u015bli jeste\u015b u\u017cytkownikiem, umo\u017cliwia to czatowanie z przedstawicielem na stronie. <\/span><\/p>\n<\/p>\n<p><strong><span>wiadomo\u015bciUtk<\/span><\/strong><\/p>\n<ul>\n<li><span>Ten plik cookie s\u0142u\u017cy do rozpoznawania u\u017cytkownik\u00f3w, kt\u00f3rzy rozmawiaj\u0105 z Tob\u0105 za pomoc\u0105 narz\u0119dzia chatflows.<br \/>\nJe\u015bli u\u017cytkownik opu\u015bci witryn\u0119 przed dodaniem go jako kontaktu, ten plik cookie zostanie powi\u0105zany z jego przegl\u0105dark\u0105. <\/span><\/li>\n<li><span>Je\u015bli czatujesz z u\u017cytkownikiem, kt\u00f3ry nast\u0119pnie powraca do Twojej witryny w tej samej przegl\u0105darce z plikami cookie, narz\u0119dzie chatflows za\u0142aduje jego histori\u0119 konwersacji.<br \/>\nPlik cookie jest kontrolowany przez ustawienie Zgoda na zbieranie plik\u00f3w cookie czatu w przep\u0142ywie czatu. <\/span><\/li>\n<li><span>Je\u015bli to ustawienie jest wy\u0142\u0105czone, plik cookie jest kontrolowany przez ustawienie Zgoda na przetwarzanie w przep\u0142ywie czatu.<\/span><\/li>\n<li><span>HubSpot nie usunie pliku cookie wiadomo\u015bci Utk dla u\u017cytkownik\u00f3w, kt\u00f3rzy zalogowali si\u0119 za po\u015brednictwem interfejsu API identyfikatora u\u017cytkownika.<br \/>\nNie b\u0119dzie to mia\u0142o wp\u0142ywu na Analytics Cookie Banner. <\/span><\/li>\n<li><span>Ten plik cookie b\u0119dzie specyficzny dla subdomeny i nie b\u0119dzie przenoszony do innych subdomen.<br \/>\nNa przyk\u0142ad plik cookie ustawiony dla info.example.com nie zostanie zastosowany do u\u017cytkownika odwiedzaj\u0105cego stron\u0119 www.example.com i odwrotnie. <\/span><\/li>\n<li><span>Zawiera nieprzezroczysty identyfikator GUID reprezentuj\u0105cy bie\u017c\u0105cego u\u017cytkownika czatu.<\/span><\/li>\n<li><span>Wygasa za 13 miesi\u0119cy.<\/span><\/li>\n<\/ul>\n<p><strong><span>Reklamowe pliki cookie<\/span><\/strong><\/p>\n<p><span>Reklamowe pliki cookie to reklamowe pikselowe pliki cookie (takie jak Facebook, LinkedIn i Google), kt\u00f3re mo\u017cna ustawi\u0107 za pomoc\u0105 narz\u0119dzia HubSpot Ads.<\/span><\/p>\n<p><span>Je\u015bli w witrynie zainstalowano kod piksela Facebooka, Facebook mo\u017ce umie\u015bci\u0107 plik cookie na u\u017cytkownikach witryny.<\/span><\/p>\n<p><span>Je\u015bli korzystasz z narz\u0119dzia HubSpot Ads, aby wybra\u0107 i zainstalowa\u0107 piksel Facebooka na stronach z kodem \u015bledzenia HubSpot, HubSpot po\u0142\u0105czy umieszczenie tego kodu piksela z banerem powiadomienia o plikach cookie.<br \/>\nJe\u015bli wymagana jest zgoda za po\u015brednictwem tego banera, piksel Facebooka nie b\u0119dzie m\u00f3g\u0142 ustawi\u0107 \u017cadnych plik\u00f3w cookie, dop\u00f3ki u\u017cytkownik nie wyrazi zgody. <\/span><\/p>\n<p><span>Je\u015bli u\u017cytkownik r\u0119cznie umie\u015bci kod piksela na swoich stronach (na przyk\u0142ad edytuj\u0105c kod nag\u0142\u00f3wka HTML witryny), HubSpot nie b\u0119dzie w stanie kontrolowa\u0107, kt\u00f3rym u\u017cytkownikom Facebook mo\u017ce ustawi\u0107 pliki cookie.<\/span><\/p>\n<p><span>Aby uzyska\u0107 dodatkowe informacje, zapoznaj si\u0119 z Regulaminem narz\u0119dzi biznesowych Facebooka i Przewodnikiem Facebooka dotycz\u0105cym zgody na pliki cookie.<\/span><\/p>\n<\/p>\n<p><strong><span>Pliki cookie z system\u00f3w zewn\u0119trznych<\/span><\/strong><\/p>\n<p><span>HubSpot nie mo\u017ce kontrolowa\u0107 plik\u00f3w cookie umieszczanych w witrynie przez skrypty stron trzecich.<br \/>\nGdy u\u017cytkownik akceptuje pliki cookie za po\u015brednictwem banera zgody HubSpot, wyra\u017ca zgod\u0119 wy\u0142\u0105cznie na pliki cookie HubSpot. <\/span><\/p>\n<p><span>Mo\u017cesz jednak utworzy\u0107 kod, aby wiedzie\u0107, kiedy u\u017cytkownik zaakceptowa\u0142 lub odrzuci\u0142 \u015bledzenie plik\u00f3w cookie HubSpot, a nast\u0119pnie wys\u0142a\u0107 te informacje do systemu innej firmy.<br \/>\nDowiedz si\u0119 wi\u0119cej o korzystaniu z banera zgody HubSpot dla skrypt\u00f3w innych firm. <\/span><\/p>\n<\/p>\n<p><strong><span>ODWO\u0141ANIE LUB USUNI\u0118CIE PLIK\u00d3W COOKIE<\/span><\/strong><\/p>\n<p><span>Mo\u017cesz zezwoli\u0107, zablokowa\u0107 lub usun\u0105\u0107 pliki cookie zainstalowane na komputerze, konfiguruj\u0105c opcje przegl\u0105darki zainstalowanej na komputerze.<br \/>\nPonadto mo\u017cna kontrolowa\u0107 ich instalacj\u0119 lub jej brak za pomoc\u0105 przycisku Ustawienia plik\u00f3w cookie. <\/span><\/p>\n<p><span>Je\u015bli u\u017cytkownik nie zezwoli na instalacj\u0119 niekt\u00f3rych plik\u00f3w cookie w swojej przegl\u0105darce, mo\u017ce nie mie\u0107 dost\u0119pu do niekt\u00f3rych sekcji tej witryny.<\/span><\/p>\n<p><span>Mo\u017cesz zezwoli\u0107, zablokowa\u0107 lub usun\u0105\u0107 pliki cookie zainstalowane na komputerze, konfiguruj\u0105c opcje przegl\u0105darki zainstalowanej na komputerze:<\/span><\/p>\n<ul>\n<li><span>Microsoft Internet Explorer lub Microsoft Edge: <\/span><a href=\"https:\/\/web.archive.org\/web\/20230323134115\/http:\/\/windows.microsoft.com\/es-es\/windows-vista\/Block-or-allow-cookies\" target=\"_blank\" rel=\"noopener\"><span>http:\/\/windows.microsoft.com\/es-es\/windows-vista\/Block-or-allow-cookies<\/span><\/a><\/li>\n<li><span>Mozilla Firefox: <\/span><a href=\"https:\/\/web.archive.org\/web\/20230323134115\/http:\/\/support.mozilla.org\/es\/kb\/impedir-que-los-sitios-web-guarden-sus-preferencia\" target=\"_blank\" rel=\"noopener\"><span>http:\/\/support.mozilla.org\/en-US\/kb\/prevent-websites-from-saving-your-preferences<\/span><\/a><\/li>\n<li><span>Chrome: <\/span><a href=\"https:\/\/web.archive.org\/web\/20230323134115\/https:\/\/support.google.com\/accounts\/answer\/61416?hl=es\" target=\"_blank\" rel=\"noopener\"><span>https:\/\/support.google.com\/accounts\/answer\/61416?hl=en<\/span><\/a><\/li>\n<li><span>Safari: http:\/\/safari.helpmax.net\/en\/privacy-and-security\/how-to-manage-cookies\/<\/span><\/li>\n<li><span>Opera: http:\/\/help.opera.com\/Linux\/10.60\/es-ES\/cookies.html Ponadto mo\u017cna r\u00f3wnie\u017c zarz\u0105dza\u0107 przechowywaniem plik\u00f3w cookie w przegl\u0105darce za pomoc\u0105 narz\u0119dzi takich jak poni\u017csze:<\/span><\/li>\n<li><span>Ghostery: <\/span><a href=\"https:\/\/web.archive.org\/web\/20230323134115\/http:\/\/www.ghostery.com\/\" target=\"_blank\" rel=\"noopener\"><span>www.ghostery.com\/<\/span><\/a><\/li>\n<li><span>Tw\u00f3j wyb\u00f3r online: <\/span><a href=\"https:\/\/web.archive.org\/web\/20230323134115\/http:\/\/www.youronlinechoices.com\/es\/\" target=\"_blank\" rel=\"noopener\"><span>www.youronlinechoices.com\/es\/<\/span><\/a><\/li>\n<\/ul>\n\t\t\t\t\t\t\t\t<\/div>\n\t\t\t\t<\/div>\n\t\t\t\t\t<\/div>\n\t\t<\/div>\n\t\t\t\t<div class=\"elementor-column elementor-col-50 elementor-top-column elementor-element elementor-element-b7eb38a\" data-id=\"b7eb38a\" data-element_type=\"column\" data-e-type=\"column\">\n\t\t\t<div class=\"elementor-widget-wrap\">\n\t\t\t\t\t\t\t<\/div>\n\t\t<\/div>\n\t\t\t\t\t<\/div>\n\t\t<\/section>\n\t\t\t\t<\/div>\n\t\t","protected":false},"excerpt":{"rendered":"<p>Polityka dotycz\u0105ca plik\u00f3w cookie W One Eden mo\u017cemy wykorzystywa\u0107 w\u0142asne lub zewn\u0119trzne pliki cookie w celu ulepszania oferowanych przez nas us\u0142ug i ich dzia\u0142ania, a tak\u017ce optymalizacji do\u015bwiadczenia u\u017cytkownika; oraz do przygotowywania informacji statystycznych. CZYM S\u0104 PLIKI COOKIE? Plik cookie to plik, kt\u00f3ry jest pobierany na komputer u\u017cytkownika po wej\u015bciu na okre\u015blone strony internetowe. Pliki [&hellip;]<\/p>\n","protected":false},"author":1,"featured_media":0,"parent":0,"menu_order":0,"comment_status":"closed","ping_status":"closed","template":"","meta":{"content-type":"","footnotes":""},"class_list":["post-3944","page","type-page","status-publish","hentry"],"_links":{"self":[{"href":"https:\/\/www.oneeden.com\/pl\/wp-json\/wp\/v2\/pages\/3944","targetHints":{"allow":["GET"]}}],"collection":[{"href":"https:\/\/www.oneeden.com\/pl\/wp-json\/wp\/v2\/pages"}],"about":[{"href":"https:\/\/www.oneeden.com\/pl\/wp-json\/wp\/v2\/types\/page"}],"author":[{"embeddable":true,"href":"https:\/\/www.oneeden.com\/pl\/wp-json\/wp\/v2\/users\/1"}],"replies":[{"embeddable":true,"href":"https:\/\/www.oneeden.com\/pl\/wp-json\/wp\/v2\/comments?post=3944"}],"version-history":[{"count":2,"href":"https:\/\/www.oneeden.com\/pl\/wp-json\/wp\/v2\/pages\/3944\/revisions"}],"predecessor-version":[{"id":3947,"href":"https:\/\/www.oneeden.com\/pl\/wp-json\/wp\/v2\/pages\/3944\/revisions\/3947"}],"wp:attachment":[{"href":"https:\/\/www.oneeden.com\/pl\/wp-json\/wp\/v2\/media?parent=3944"}],"curies":[{"name":"wp","href":"https:\/\/api.w.org\/{rel}","templated":true}]}}