{"id":3796,"date":"2024-07-16T08:31:42","date_gmt":"2024-07-16T07:31:42","guid":{"rendered":"https:\/\/www.oneeden.com\/odpowiedzialnosc-i-etyka\/"},"modified":"2024-08-13T09:01:35","modified_gmt":"2024-08-13T08:01:35","slug":"odpowiedzialnosc-i-etyka","status":"publish","type":"page","link":"https:\/\/www.oneeden.com\/pl\/odpowiedzialnosc-i-etyka\/","title":{"rendered":"Odpowiedzialno\u015b\u0107 i etyka"},"content":{"rendered":"<style>.elementor-3796 .elementor-element.elementor-element-7d0d700 .elementor-heading-title{color:var( --e-global-color-secondary );}@media(min-width:768px){.elementor-3796 .elementor-element.elementor-element-ceeeed2{width:80%;}.elementor-3796 .elementor-element.elementor-element-be11f2e{width:20%;}}<\/style>\t\t<div data-elementor-type=\"wp-page\" data-elementor-id=\"3796\" class=\"elementor elementor-3796 elementor-2469\" data-elementor-post-type=\"page\">\n\t\t\t\t\t\t<section class=\"elementor-section elementor-top-section elementor-element elementor-element-ad7d1df elementor-section-boxed elementor-section-height-default elementor-section-height-default\" data-id=\"ad7d1df\" data-element_type=\"section\" data-e-type=\"section\">\n\t\t\t\t\t\t<div class=\"elementor-container elementor-column-gap-default\">\n\t\t\t\t\t<div class=\"elementor-column elementor-col-50 elementor-top-column elementor-element elementor-element-ceeeed2\" data-id=\"ceeeed2\" data-element_type=\"column\" data-e-type=\"column\">\n\t\t\t<div class=\"elementor-widget-wrap elementor-element-populated\">\n\t\t\t\t\t\t<div class=\"elementor-element elementor-element-7d0d700 elementor-widget elementor-widget-heading\" data-id=\"7d0d700\" data-element_type=\"widget\" data-e-type=\"widget\" data-widget_type=\"heading.default\">\n\t\t\t\t<div class=\"elementor-widget-container\">\n\t\t\t\t\t<h2 class=\"elementor-heading-title elementor-size-default\">Odpowiedzialno\u015b\u0107 i etyka<\/h2>\t\t\t\t<\/div>\n\t\t\t\t<\/div>\n\t\t\t\t<div class=\"elementor-element elementor-element-8737da8 elementor-widget elementor-widget-text-editor\" data-id=\"8737da8\" data-element_type=\"widget\" data-e-type=\"widget\" data-widget_type=\"text-editor.default\">\n\t\t\t\t<div class=\"elementor-widget-container\">\n\t\t\t\t\t\t\t\t\t<p><span>One Eden i jej sp\u00f3\u0142ki s\u0105 w pe\u0142ni odpowiedzialn\u0105 grup\u0105, kt\u00f3ra zobowi\u0105zuje si\u0119 do przestrzegania wszystkich swoich zobowi\u0105za\u0144 prawnych i promuje kultur\u0119 poszanowania obowi\u0105zuj\u0105cych przepis\u00f3w, a tak\u017ce przyj\u0119tych zobowi\u0105za\u0144 etycznych.<\/span><\/p>\n<p><span>W zwi\u0105zku z tym One Eden ustanowi\u0142a kana\u0142 etyczny, za po\u015brednictwem kt\u00f3rego klienci, pracownicy, dostawcy i wsp\u00f3\u0142pracownicy mog\u0105 komunikowa\u0107 si\u0119 z nami i informowa\u0107 nas o wszelkiego rodzaju niezgodno\u015bciach, kt\u00f3re ich zdaniem mia\u0142y miejsce.<\/span><\/p>\n<p><span>B\u0119dziemy wdzi\u0119czni za wszelkie informacje, kt\u00f3re pozwol\u0105 nam naprawi\u0107 ten incydent i kontynuowa\u0107 rozw\u00f3j firmy.<\/span><\/p>\n<\/p>\n<p><span>Jakie gwarancje oferuje kana\u0142?<\/span><\/p>\n<ul>\n<li><span>Jest to ca\u0142kowicie <\/span><strong><span>poufna metoda,<\/span><\/strong><span> Oznacza to, \u017ce tylko osoba upowa\u017cniona i wyznaczona do tego celu b\u0119dzie mog\u0142a pozna\u0107 zg\u0142oszon\u0105 spraw\u0119.<\/span><\/li>\n<li><span>Fakty mog\u0105 by\u0107 zg\u0142aszane <\/span><strong><span>anonimowo<\/span><\/strong><span> co oznacza, \u017ce podczas zg\u0142aszania nie b\u0119dzie konieczne podawanie jakichkolwiek danych.<\/span><\/li>\n<li><span>Wobec os\u00f3b, kt\u00f3re odwa\u017c\u0105 si\u0119 zg\u0142osi\u0107 jakikolwiek incydent, nie b\u0119d\u0105 podejmowane \u017cadne dzia\u0142ania odwetowe.<\/span><\/li>\n<\/ul>\n\t\t\t\t\t\t\t\t<\/div>\n\t\t\t\t<\/div>\n\t\t\t\t\t<\/div>\n\t\t<\/div>\n\t\t\t\t<div class=\"elementor-column elementor-col-50 elementor-top-column elementor-element elementor-element-be11f2e\" data-id=\"be11f2e\" data-element_type=\"column\" data-e-type=\"column\">\n\t\t\t<div class=\"elementor-widget-wrap\">\n\t\t\t\t\t\t\t<\/div>\n\t\t<\/div>\n\t\t\t\t\t<\/div>\n\t\t<\/section>\n\t\t\t\t<\/div>\n\t\t","protected":false},"excerpt":{"rendered":"<p>Odpowiedzialno\u015b\u0107 i etyka One Eden i jej sp\u00f3\u0142ki s\u0105 w pe\u0142ni odpowiedzialn\u0105 grup\u0105, kt\u00f3ra zobowi\u0105zuje si\u0119 do przestrzegania wszystkich swoich zobowi\u0105za\u0144 prawnych i promuje kultur\u0119 poszanowania obowi\u0105zuj\u0105cych przepis\u00f3w, a tak\u017ce przyj\u0119tych zobowi\u0105za\u0144 etycznych. W zwi\u0105zku z tym One Eden ustanowi\u0142a kana\u0142 etyczny, za po\u015brednictwem kt\u00f3rego klienci, pracownicy, dostawcy i wsp\u00f3\u0142pracownicy mog\u0105 komunikowa\u0107 si\u0119 z nami [&hellip;]<\/p>\n","protected":false},"author":1,"featured_media":0,"parent":0,"menu_order":0,"comment_status":"closed","ping_status":"closed","template":"","meta":{"content-type":"","footnotes":""},"class_list":["post-3796","page","type-page","status-publish","hentry"],"_links":{"self":[{"href":"https:\/\/www.oneeden.com\/pl\/wp-json\/wp\/v2\/pages\/3796","targetHints":{"allow":["GET"]}}],"collection":[{"href":"https:\/\/www.oneeden.com\/pl\/wp-json\/wp\/v2\/pages"}],"about":[{"href":"https:\/\/www.oneeden.com\/pl\/wp-json\/wp\/v2\/types\/page"}],"author":[{"embeddable":true,"href":"https:\/\/www.oneeden.com\/pl\/wp-json\/wp\/v2\/users\/1"}],"replies":[{"embeddable":true,"href":"https:\/\/www.oneeden.com\/pl\/wp-json\/wp\/v2\/comments?post=3796"}],"version-history":[{"count":1,"href":"https:\/\/www.oneeden.com\/pl\/wp-json\/wp\/v2\/pages\/3796\/revisions"}],"predecessor-version":[{"id":3798,"href":"https:\/\/www.oneeden.com\/pl\/wp-json\/wp\/v2\/pages\/3796\/revisions\/3798"}],"wp:attachment":[{"href":"https:\/\/www.oneeden.com\/pl\/wp-json\/wp\/v2\/media?parent=3796"}],"curies":[{"name":"wp","href":"https:\/\/api.w.org\/{rel}","templated":true}]}}