{"id":3709,"date":"2024-04-08T14:03:05","date_gmt":"2024-04-08T13:03:05","guid":{"rendered":"https:\/\/www.oneeden.com\/kontakt\/"},"modified":"2024-09-18T11:46:01","modified_gmt":"2024-09-18T10:46:01","slug":"kontakt","status":"publish","type":"page","link":"https:\/\/www.oneeden.com\/pl\/kontakt\/","title":{"rendered":"Kontakt"},"content":{"rendered":"<style>.elementor-3709 .elementor-element.elementor-element-79b2d3d{margin-top:96px;margin-bottom:64px;}.elementor-3709 .elementor-element.elementor-element-fbd8e9f{text-align:center;}.elementor-3709 .elementor-element.elementor-element-fbd8e9f .elementor-heading-title{color:var( --e-global-color-text );}.elementor-3709 .elementor-element.elementor-element-3d1651d{margin-top:96px;margin-bottom:96px;}.elementor-3709 .elementor-element.elementor-element-9c7c061 > .elementor-element-populated{transition:background 0.3s, border 0.3s, border-radius 0.3s, box-shadow 0.3s;}.elementor-3709 .elementor-element.elementor-element-9c7c061 > .elementor-element-populated > .elementor-background-overlay{transition:background 0.3s, border-radius 0.3s, opacity 0.3s;}.elementor-3709 .elementor-element.elementor-element-2ebc3ef .elementor-heading-title{color:var( --e-global-color-primary );}.elementor-3709 .elementor-element.elementor-element-4e9c075{font-size:10px;line-height:14px;color:var( --e-global-color-primary );}.elementor-3709 .elementor-element.elementor-element-4e9c075 > .elementor-widget-container{margin:-10px 0px 0px 0px;}.elementor-3709 .elementor-element.elementor-element-dce252c .elementor-heading-title{font-size:12px;font-weight:700;color:var( --e-global-color-secondary );}.elementor-3709 .elementor-element.elementor-element-dce252c > .elementor-widget-container{margin:-12px 0px 0px 0px;}.elementor-3709 .elementor-element.elementor-element-7a1849d .elementor-heading-title{color:var( --e-global-color-primary );}.elementor-3709 .elementor-element.elementor-element-fb3a737{font-size:10px;line-height:14px;color:var( --e-global-color-primary );}.elementor-3709 .elementor-element.elementor-element-fb3a737 > .elementor-widget-container{margin:-10px 0px 0px 0px;}.elementor-3709 .elementor-element.elementor-element-63c63ab .elementor-heading-title{font-size:12px;font-weight:700;color:var( --e-global-color-secondary );}.elementor-3709 .elementor-element.elementor-element-63c63ab > .elementor-widget-container{margin:-12px 0px 0px 0px;}.elementor-3709 .elementor-element.elementor-element-2c04efc .elementor-heading-title{color:var( --e-global-color-primary );}.elementor-3709 .elementor-element.elementor-element-5d3d401{font-size:10px;line-height:14px;color:var( --e-global-color-primary );}.elementor-3709 .elementor-element.elementor-element-5d3d401 > .elementor-widget-container{margin:-10px 0px 0px 0px;}.elementor-3709 .elementor-element.elementor-element-d2d5f05 .elementor-heading-title{font-size:12px;font-weight:700;color:var( --e-global-color-secondary );}.elementor-3709 .elementor-element.elementor-element-d2d5f05 > .elementor-widget-container{margin:-12px 0px 0px 0px;}<\/style>\t\t<div data-elementor-type=\"wp-page\" data-elementor-id=\"3709\" class=\"elementor elementor-3709 elementor-110\" data-elementor-post-type=\"page\">\n\t\t\t\t\t\t<section class=\"elementor-section elementor-top-section elementor-element elementor-element-79b2d3d elementor-section-boxed elementor-section-height-default elementor-section-height-default\" data-id=\"79b2d3d\" data-element_type=\"section\" data-e-type=\"section\">\n\t\t\t\t\t\t<div class=\"elementor-container elementor-column-gap-default\">\n\t\t\t\t\t<div class=\"elementor-column elementor-col-100 elementor-top-column elementor-element elementor-element-646da9f\" data-id=\"646da9f\" data-element_type=\"column\" data-e-type=\"column\">\n\t\t\t<div class=\"elementor-widget-wrap elementor-element-populated\">\n\t\t\t\t\t\t<div class=\"elementor-element elementor-element-fbd8e9f elementor-widget elementor-widget-heading\" data-id=\"fbd8e9f\" data-element_type=\"widget\" data-e-type=\"widget\" data-widget_type=\"heading.default\">\n\t\t\t\t<div class=\"elementor-widget-container\">\n\t\t\t\t\t<h2 class=\"elementor-heading-title elementor-size-default\">Skontaktuj si\u0119 z nami<\/h2>\t\t\t\t<\/div>\n\t\t\t\t<\/div>\n\t\t\t\t\t<\/div>\n\t\t<\/div>\n\t\t\t\t\t<\/div>\n\t\t<\/section>\n\t\t\t\t<section class=\"elementor-section elementor-top-section elementor-element elementor-element-7ec3e3a elementor-section-boxed elementor-section-height-default elementor-section-height-default\" data-id=\"7ec3e3a\" data-element_type=\"section\" data-e-type=\"section\">\n\t\t\t\t\t\t<div class=\"elementor-container elementor-column-gap-default\">\n\t\t\t\t\t<div class=\"elementor-column elementor-col-100 elementor-top-column elementor-element elementor-element-81ad218\" data-id=\"81ad218\" data-element_type=\"column\" data-e-type=\"column\">\n\t\t\t<div class=\"elementor-widget-wrap elementor-element-populated\">\n\t\t\t\t\t\t<div class=\"elementor-element elementor-element-eccf49c elementor-widget elementor-widget-html\" data-id=\"eccf49c\" data-element_type=\"widget\" data-e-type=\"widget\" data-widget_type=\"html.default\">\n\t\t\t\t<div class=\"elementor-widget-container\">\n\t\t\t\t\t<script charset=\"utf-8\" type=\"text\/javascript\" src=\"\/\/js.hsforms.net\/forms\/embed\/v2.js\"><\/script>\n<script>\n\u00a0 hbspt.forms.create({\n\u00a0\u00a0\u00a0 region: \"na1\",\n\u00a0\u00a0\u00a0 portalId: \"9319776\",\n\u00a0\u00a0\u00a0 formId: \"53648899-b57a-4d37-b7a6-8f3ea006dcf3\"\n\u00a0 });\n<\/script>\n\t\t\t\t<\/div>\n\t\t\t\t<\/div>\n\t\t\t\t\t<\/div>\n\t\t<\/div>\n\t\t\t\t\t<\/div>\n\t\t<\/section>\n\t\t\t\t<section class=\"elementor-section elementor-top-section elementor-element elementor-element-3d1651d elementor-section-boxed elementor-section-height-default elementor-section-height-default\" data-id=\"3d1651d\" data-element_type=\"section\" data-e-type=\"section\">\n\t\t\t\t\t\t<div class=\"elementor-container elementor-column-gap-wider\">\n\t\t\t\t\t<div class=\"elementor-column elementor-col-33 elementor-top-column elementor-element elementor-element-9c7c061\" data-id=\"9c7c061\" data-element_type=\"column\" data-e-type=\"column\" data-settings=\"{&quot;background_background&quot;:&quot;classic&quot;}\">\n\t\t\t<div class=\"elementor-widget-wrap elementor-element-populated\">\n\t\t\t\t\t\t<div class=\"elementor-element elementor-element-2ebc3ef elementor-widget elementor-widget-heading\" data-id=\"2ebc3ef\" data-element_type=\"widget\" data-e-type=\"widget\" data-widget_type=\"heading.default\">\n\t\t\t\t<div class=\"elementor-widget-container\">\n\t\t\t\t\t<h6 class=\"elementor-heading-title elementor-size-default\">Biuro w Maladze<\/h6>\t\t\t\t<\/div>\n\t\t\t\t<\/div>\n\t\t\t\t<div class=\"elementor-element elementor-element-4e9c075 elementor-widget elementor-widget-text-editor\" data-id=\"4e9c075\" data-element_type=\"widget\" data-e-type=\"widget\" data-widget_type=\"text-editor.default\">\n\t\t\t\t<div class=\"elementor-widget-container\">\n\t\t\t\t\t\t\t\t\t<p>Plaza del Bulevar, Edificio B, Local 12, 1\u00aa Planta, Oficinas 1A y 1B. 29649 La Cala de Mijas, Malaga, Espa\u00f1a. <\/p>\n\t\t\t\t\t\t\t\t<\/div>\n\t\t\t\t<\/div>\n\t\t\t\t<div class=\"elementor-element elementor-element-dce252c elementor-widget elementor-widget-heading\" data-id=\"dce252c\" data-element_type=\"widget\" data-e-type=\"widget\" data-widget_type=\"heading.default\">\n\t\t\t\t<div class=\"elementor-widget-container\">\n\t\t\t\t\t<p class=\"elementor-heading-title elementor-size-default\">+34 951 322 687<\/p>\t\t\t\t<\/div>\n\t\t\t\t<\/div>\n\t\t\t\t\t<\/div>\n\t\t<\/div>\n\t\t\t\t<div class=\"elementor-column elementor-col-33 elementor-top-column elementor-element elementor-element-7a30e58\" data-id=\"7a30e58\" data-element_type=\"column\" data-e-type=\"column\">\n\t\t\t<div class=\"elementor-widget-wrap elementor-element-populated\">\n\t\t\t\t\t\t<div class=\"elementor-element elementor-element-7a1849d elementor-widget elementor-widget-heading\" data-id=\"7a1849d\" data-element_type=\"widget\" data-e-type=\"widget\" data-widget_type=\"heading.default\">\n\t\t\t\t<div class=\"elementor-widget-container\">\n\t\t\t\t\t<h6 class=\"elementor-heading-title elementor-size-default\">Biuro sprzeda\u017cy w Mijas<\/h6>\t\t\t\t<\/div>\n\t\t\t\t<\/div>\n\t\t\t\t<div class=\"elementor-element elementor-element-fb3a737 elementor-widget elementor-widget-text-editor\" data-id=\"fb3a737\" data-element_type=\"widget\" data-e-type=\"widget\" data-widget_type=\"text-editor.default\">\n\t\t\t\t<div class=\"elementor-widget-container\">\n\t\t\t\t\t\t\t\t\t<p>Avda. Cant\u00e1brico, s\/n.29649 La Cala de Mijas, Malaga, Espa\u00f1a&#8230;.  <\/p>\n\t\t\t\t\t\t\t\t<\/div>\n\t\t\t\t<\/div>\n\t\t\t\t<div class=\"elementor-element elementor-element-63c63ab elementor-widget elementor-widget-heading\" data-id=\"63c63ab\" data-element_type=\"widget\" data-e-type=\"widget\" data-widget_type=\"heading.default\">\n\t\t\t\t<div class=\"elementor-widget-container\">\n\t\t\t\t\t<p class=\"elementor-heading-title elementor-size-default\">+34 697 113 900<\/p>\t\t\t\t<\/div>\n\t\t\t\t<\/div>\n\t\t\t\t\t<\/div>\n\t\t<\/div>\n\t\t\t\t<div class=\"elementor-column elementor-col-33 elementor-top-column elementor-element elementor-element-e723fce\" data-id=\"e723fce\" data-element_type=\"column\" data-e-type=\"column\">\n\t\t\t<div class=\"elementor-widget-wrap elementor-element-populated\">\n\t\t\t\t\t\t<div class=\"elementor-element elementor-element-2c04efc elementor-widget elementor-widget-heading\" data-id=\"2c04efc\" data-element_type=\"widget\" data-e-type=\"widget\" data-widget_type=\"heading.default\">\n\t\t\t\t<div class=\"elementor-widget-container\">\n\t\t\t\t\t<h6 class=\"elementor-heading-title elementor-size-default\">Biuro Sprzeda\u017cy w Kadyksie<\/h6>\t\t\t\t<\/div>\n\t\t\t\t<\/div>\n\t\t\t\t<div class=\"elementor-element elementor-element-5d3d401 elementor-widget elementor-widget-text-editor\" data-id=\"5d3d401\" data-element_type=\"widget\" data-e-type=\"widget\" data-widget_type=\"text-editor.default\">\n\t\t\t\t<div class=\"elementor-widget-container\">\n\t\t\t\t\t\t\t\t\t<p><b>C.C. Acqua Alcaidesa<\/b><br \/>Local 14. Avenida de la Hacienda, s\/n. 11316 La L\u00ednea de La Concepci\u00f3n, C\u00e1diz, Espa\u00f1a.  <\/p>\n\t\t\t\t\t\t\t\t<\/div>\n\t\t\t\t<\/div>\n\t\t\t\t<div class=\"elementor-element elementor-element-d2d5f05 elementor-widget elementor-widget-heading\" data-id=\"d2d5f05\" data-element_type=\"widget\" data-e-type=\"widget\" data-widget_type=\"heading.default\">\n\t\t\t\t<div class=\"elementor-widget-container\">\n\t\t\t\t\t<p class=\"elementor-heading-title elementor-size-default\">+34 663 493 630\n<br \/><br \/>+34 663 490 870<\/p>\t\t\t\t<\/div>\n\t\t\t\t<\/div>\n\t\t\t\t\t<\/div>\n\t\t<\/div>\n\t\t\t\t\t<\/div>\n\t\t<\/section>\n\t\t\t\t<\/div>\n\t\t","protected":false},"excerpt":{"rendered":"<p>Skontaktuj si\u0119 z nami Biuro w Maladze Plaza del Bulevar, Edificio B, Local 12, 1\u00aa Planta, Oficinas 1A y 1B. 29649 La Cala de Mijas, Malaga, Espa\u00f1a. +34 951 322 687 Biuro sprzeda\u017cy w Mijas Avda. Cant\u00e1brico, s\/n.29649 La Cala de Mijas, Malaga, Espa\u00f1a&#8230;. +34 697 113 900 Biuro Sprzeda\u017cy w Kadyksie C.C. Acqua AlcaidesaLocal [&hellip;]<\/p>\n","protected":false},"author":1,"featured_media":0,"parent":0,"menu_order":0,"comment_status":"closed","ping_status":"closed","template":"","meta":{"content-type":"","footnotes":""},"class_list":["post-3709","page","type-page","status-publish","hentry"],"_links":{"self":[{"href":"https:\/\/www.oneeden.com\/pl\/wp-json\/wp\/v2\/pages\/3709","targetHints":{"allow":["GET"]}}],"collection":[{"href":"https:\/\/www.oneeden.com\/pl\/wp-json\/wp\/v2\/pages"}],"about":[{"href":"https:\/\/www.oneeden.com\/pl\/wp-json\/wp\/v2\/types\/page"}],"author":[{"embeddable":true,"href":"https:\/\/www.oneeden.com\/pl\/wp-json\/wp\/v2\/users\/1"}],"replies":[{"embeddable":true,"href":"https:\/\/www.oneeden.com\/pl\/wp-json\/wp\/v2\/comments?post=3709"}],"version-history":[{"count":4,"href":"https:\/\/www.oneeden.com\/pl\/wp-json\/wp\/v2\/pages\/3709\/revisions"}],"predecessor-version":[{"id":4246,"href":"https:\/\/www.oneeden.com\/pl\/wp-json\/wp\/v2\/pages\/3709\/revisions\/4246"}],"wp:attachment":[{"href":"https:\/\/www.oneeden.com\/pl\/wp-json\/wp\/v2\/media?parent=3709"}],"curies":[{"name":"wp","href":"https:\/\/api.w.org\/{rel}","templated":true}]}}