{"id":4083,"date":"2024-04-16T10:47:04","date_gmt":"2024-04-16T09:47:04","guid":{"rendered":"https:\/\/www.oneeden.com\/merci-de-votre-attention\/"},"modified":"2024-04-16T10:47:04","modified_gmt":"2024-04-16T09:47:04","slug":"merci-de-votre-attention","status":"publish","type":"page","link":"https:\/\/www.oneeden.com\/fr\/merci-de-votre-attention\/","title":{"rendered":"Merci de votre attention"},"content":{"rendered":"<p>Votre abonnement a \u00e9t\u00e9 configur\u00e9 avec succ\u00e8s.<\/p>\n","protected":false},"excerpt":{"rendered":"<p>Votre abonnement a \u00e9t\u00e9 configur\u00e9 avec succ\u00e8s.<\/p>\n","protected":false},"author":1,"featured_media":0,"parent":0,"menu_order":0,"comment_status":"closed","ping_status":"closed","template":"","meta":{"content-type":"","footnotes":""},"class_list":["post-4083","page","type-page","status-publish","hentry"],"_links":{"self":[{"href":"https:\/\/www.oneeden.com\/fr\/wp-json\/wp\/v2\/pages\/4083","targetHints":{"allow":["GET"]}}],"collection":[{"href":"https:\/\/www.oneeden.com\/fr\/wp-json\/wp\/v2\/pages"}],"about":[{"href":"https:\/\/www.oneeden.com\/fr\/wp-json\/wp\/v2\/types\/page"}],"author":[{"embeddable":true,"href":"https:\/\/www.oneeden.com\/fr\/wp-json\/wp\/v2\/users\/1"}],"replies":[{"embeddable":true,"href":"https:\/\/www.oneeden.com\/fr\/wp-json\/wp\/v2\/comments?post=4083"}],"version-history":[{"count":0,"href":"https:\/\/www.oneeden.com\/fr\/wp-json\/wp\/v2\/pages\/4083\/revisions"}],"wp:attachment":[{"href":"https:\/\/www.oneeden.com\/fr\/wp-json\/wp\/v2\/media?parent=4083"}],"curies":[{"name":"wp","href":"https:\/\/api.w.org\/{rel}","templated":true}]}}