{"id":3940,"date":"2024-07-16T08:24:03","date_gmt":"2024-07-16T07:24:03","guid":{"rendered":"https:\/\/www.oneeden.com\/conditions-generales-dutilisation\/"},"modified":"2024-08-13T09:34:27","modified_gmt":"2024-08-13T08:34:27","slug":"conditions-generales-dutilisation","status":"publish","type":"page","link":"https:\/\/www.oneeden.com\/fr\/conditions-generales-dutilisation\/","title":{"rendered":"Conditions g\u00e9n\u00e9rales d&rsquo;utilisation"},"content":{"rendered":"<style>.elementor-3940 .elementor-element.elementor-element-9dc6c6a .elementor-heading-title{color:var( --e-global-color-secondary );}@media(min-width:768px){.elementor-3940 .elementor-element.elementor-element-d2efea6{width:80%;}.elementor-3940 .elementor-element.elementor-element-da3b8d6{width:20%;}}<\/style>\t\t<div data-elementor-type=\"wp-page\" data-elementor-id=\"3940\" class=\"elementor elementor-3940 elementor-2454\" data-elementor-post-type=\"page\">\n\t\t\t\t\t\t<section class=\"elementor-section elementor-top-section elementor-element elementor-element-a39ed33 elementor-section-boxed elementor-section-height-default elementor-section-height-default\" data-id=\"a39ed33\" data-element_type=\"section\" data-e-type=\"section\">\n\t\t\t\t\t\t<div class=\"elementor-container elementor-column-gap-default\">\n\t\t\t\t\t<div class=\"elementor-column elementor-col-50 elementor-top-column elementor-element elementor-element-d2efea6\" data-id=\"d2efea6\" data-element_type=\"column\" data-e-type=\"column\">\n\t\t\t<div class=\"elementor-widget-wrap elementor-element-populated\">\n\t\t\t\t\t\t<div class=\"elementor-element elementor-element-9dc6c6a elementor-widget elementor-widget-heading\" data-id=\"9dc6c6a\" data-element_type=\"widget\" data-e-type=\"widget\" data-widget_type=\"heading.default\">\n\t\t\t\t<div class=\"elementor-widget-container\">\n\t\t\t\t\t<h2 class=\"elementor-heading-title elementor-size-default\">Conditions g\u00e9n\u00e9rales d'utilisation<\/h2>\t\t\t\t<\/div>\n\t\t\t\t<\/div>\n\t\t\t\t<div class=\"elementor-element elementor-element-4267ca3 elementor-widget elementor-widget-text-editor\" data-id=\"4267ca3\" data-element_type=\"widget\" data-e-type=\"widget\" data-widget_type=\"text-editor.default\">\n\t\t\t\t<div class=\"elementor-widget-container\">\n\t\t\t\t\t\t\t\t\t<p>Conform\u00e9ment au devoir d&rsquo;information stipul\u00e9 dans l&rsquo;article 10 de la Loi 34\/2002 du 11 juillet sur les services de la soci\u00e9t\u00e9 de l&rsquo;information et du commerce \u00e9lectronique, ONE EDEN SPAIN LUXURY SLU, (ci-apr\u00e8s, \u00ab\u00a0One Eden\u00a0\u00bb) et en tant que propri\u00e9taire du site Web www.oneeden.com, proc\u00e8de \u00e0 la communication des donn\u00e9es d&rsquo;identification requises par la norme susmentionn\u00e9e :<\/p>\n<\/p>\n<p><strong>Nom de l&rsquo;entreprise :<\/strong> One Eden Spain Luxury S.L.U., (ci-apr\u00e8s, \u00ab\u00a0One Eden\u00a0\u00bb)<br \/><strong>Adresse du si\u00e8ge social :<\/strong> Plaza de Bulevar, b\u00e2timent B, local 12, 1er \u00e9tage, bureaux 1A et 1B, code postal : 29649, La Cala de Mijas, M\u00e1laga<br \/><strong>CIF :<\/strong> B72258734<br \/><strong>Adresse \u00e9lectronique :<\/strong> legal@oneeden.es<br \/><strong>Donn\u00e9es d&rsquo;inscription au Registre du commerce de Malaga :<\/strong> Feuille no.<br \/>\nMA &#8211; 138.460, Folio 124, Livre 4504, Volume 5.597 Enregistrement 3e. <\/p>\n<\/p>\n<p>Cette information est conforme et r\u00e9gule les conditions d&rsquo;utilisation, les limitations de responsabilit\u00e9 et les obligations que les utilisateurs du site web publi\u00e9 sous le nom de domaine www.oneeden.com, assument et s&rsquo;engagent \u00e0 respecter.<\/p>\n<\/p>\n<ol>\n<li><strong>  Conditions d&rsquo;utilisation<\/strong><\/li>\n<\/ol>\n<p>L&rsquo;utilisation du site Web implique la condition d&rsquo;utilisateur, personne physique ou morale, et suppose obligatoirement l&rsquo;acceptation totale et sans r\u00e9serve de toutes les clauses et conditions \u00e9tablies dans le protocole de conditions g\u00e9n\u00e9rales.<br \/>\nSi l&rsquo;utilisateur n&rsquo;est pas d&rsquo;accord avec les clauses et conditions de ces Termes et Conditions, il doit s&rsquo;abstenir d&rsquo;utiliser ce site Web. <\/p>\n<p>Les pr\u00e9sentes conditions g\u00e9n\u00e9rales peuvent \u00eatre modifi\u00e9es et mises \u00e0 jour, ce qui peut signifier que la version publi\u00e9e par One Eden peut \u00eatre diff\u00e9rente \u00e0 chaque fois que l&rsquo;utilisateur acc\u00e8de au site web.<br \/>\nL&rsquo;utilisateur doit donc lire les conditions g\u00e9n\u00e9rales chaque fois qu&rsquo;il acc\u00e8de au site web. <\/p>\n<p>Par le biais du site web, One Eden permet aux utilisateurs d&rsquo;acc\u00e9der et d&rsquo;utiliser diff\u00e9rents contenus publi\u00e9s sur Internet par One Eden ou par des tiers autoris\u00e9s.<\/p>\n<p>L&rsquo;utilisateur est tenu et s&rsquo;engage \u00e0 faire usage du site web et de ses contenus conform\u00e9ment \u00e0 la r\u00e9glementation en vigueur, ainsi qu&rsquo;aux r\u00e8gles de coexistence, \u00e0 la morale et aux bonnes coutumes g\u00e9n\u00e9ralement accept\u00e9es.<\/p>\n<p>L&rsquo;utilisateur s&rsquo;engage \u00e0 n&rsquo;utiliser aucun des contenus du site Web \u00e0 des fins illicites, de mauvaise foi ou express\u00e9ment interdites dans les conditions g\u00e9n\u00e9rales ou dans la r\u00e9glementation en vigueur, ou \u00e0 des fins qui impliquent la violation des droits et des int\u00e9r\u00eats de tiers ou qui, de quelque mani\u00e8re que ce soit, peuvent d\u00e9t\u00e9riorer, surcharger, d\u00e9sactiver, endommager ou emp\u00eacher l&rsquo;utilisation normale et l&rsquo;acc\u00e8s aux contenus du site Web, aux \u00e9quipements informatiques, aux documents, aux fichiers ou \u00e0 tout type de contenu stock\u00e9 dans les \u00e9quipements informatiques d\u00e9tenus ou contract\u00e9s par One Eden, par d&rsquo;autres utilisateurs ou par tout autre internaute.<\/p>\n<p>En cons\u00e9quence, l&rsquo;utilisateur ne peut pas :<\/p>\n<ul>\n<li>Reproduire, copier, distribuer, mettre \u00e0 disposition ou communiquer publiquement, transformer ou modifier le contenu du site Web, \u00e0 moins que One Eden ne l&rsquo;ait explicitement autoris\u00e9 par \u00e9crit, \u00e9tant donn\u00e9 que c&rsquo;est One Eden qui est titulaire des droits correspondants.<\/li>\n<li>Supprimer, manipuler, modifier de quelque mani\u00e8re que ce soit les droits d&rsquo;auteur et autres donn\u00e9es d&rsquo;identification de la r\u00e9serve de droits de One Eden ou de ses propri\u00e9taires, les identificateurs num\u00e9riques ou tout autre moyen technique mis en place pour sa reconnaissance.<\/li>\n<li>Saper le cr\u00e9dit de One Eden de quelque mani\u00e8re que ce soit.<\/li>\n<li>violer les r\u00e8gles relatives au secret des communications.<\/li>\n<li>Constituer une publicit\u00e9 illicite, trompeuse ou d\u00e9loyale.<\/li>\n<\/ul>\n<p>L&rsquo;utilisateur doit s&rsquo;abstenir d&rsquo;obtenir les contenus inclus dans le site web en utilisant \u00e0 cette fin des moyens et des proc\u00e9dures autres que ceux qui ont \u00e9t\u00e9 mis \u00e0 sa disposition \u00e0 cet effet ou, en g\u00e9n\u00e9ral, ceux qui sont normalement utilis\u00e9s sur Internet \u00e0 cette fin, pour autant qu&rsquo;ils n&rsquo;entra\u00eenent pas un risque de dommage ou de mise hors service du site web et de ses contenus.<\/p>\n<p>Tous les contenus inclus dans ce site Web sont fournis \u00e0 titre d&rsquo;information uniquement, de sorte qu&rsquo;ils ne peuvent en aucun cas servir de base \u00e0 des ressources ou \u00e0 des r\u00e9clamations ou constituer une source de droits.<\/p>\n<\/p>\n<ol start=\"2\">\n<li><strong>  Propri\u00e9t\u00e9 intellectuelle<\/strong><\/li>\n<\/ol>\n<p>Tous les noms commerciaux, marques ou signes distinctifs de toute nature pr\u00e9sents sur le site Web sont la propri\u00e9t\u00e9 de One Eden ou, le cas \u00e9ch\u00e9ant, de tiers ayant autoris\u00e9 leur utilisation, sans que l&rsquo;acc\u00e8s ou l&rsquo;utilisation du site Web ou des contenus qu&rsquo;il comprend ne conf\u00e8re \u00e0 l&rsquo;utilisateur un quelconque droit sur lesdits noms commerciaux, marques et logos distinctifs et sans qu&rsquo;aucun des droits d&rsquo;exploitation existants ou susceptibles d&rsquo;exister sur les contenus ne soit transf\u00e9r\u00e9 \u00e0 l&rsquo;utilisateur.<\/p>\n<p>De m\u00eame, les contenus du site Web sont la propri\u00e9t\u00e9 intellectuelle de One Eden, ou de tiers le cas \u00e9ch\u00e9ant, de sorte que les droits de propri\u00e9t\u00e9 intellectuelle sont d\u00e9tenus par One Eden ou les tiers qui ont autoris\u00e9 leur utilisation, \u00e0 qui correspond l&rsquo;exercice exclusif des droits d&rsquo;exploitation de ces derniers de quelque mani\u00e8re que ce soit et, en particulier, des droits de reproduction, de communication publique, de distribution et de transformation.<\/p>\n<p>L&rsquo;utilisation non autoris\u00e9e de l&rsquo;information contenue dans ce site Web, ainsi que la violation des droits de propri\u00e9t\u00e9 intellectuelle ou industrielle de One Eden ou de tiers inclus dans le site Web qui ont transf\u00e9r\u00e9 le contenu, donneront lieu aux responsabilit\u00e9s l\u00e9galement \u00e9tablies.<\/p>\n<\/p>\n<ol start=\"3\">\n<li><strong>  Disponibilit\u00e9 du site web<\/strong><\/li>\n<\/ol>\n<p>One Eden ne garantit pas l&rsquo;absence d&rsquo;interruptions ou d&rsquo;erreurs dans l&rsquo;acc\u00e8s au site Web ou \u00e0 ses contenus, ni que ceux-ci soient mis \u00e0 jour, bien qu&rsquo;elle s&rsquo;efforcera de faire de son mieux pour que, le cas \u00e9ch\u00e9ant, ils soient corrig\u00e9s et mis \u00e0 jour correctement.<br \/>\nOne Eden n&rsquo;est pas responsable des dommages de toute nature caus\u00e9s \u00e0 l&rsquo;utilisateur en raison de d\u00e9faillances ou de d\u00e9connexions dans les r\u00e9seaux de t\u00e9l\u00e9communications qui entra\u00eenent la suspension, l&rsquo;annulation ou l&rsquo;interruption du service du site Web pendant la prestation de ce dernier ou ant\u00e9rieurement. <\/p>\n<p>One Eden exclut, sous r\u00e9serve des exceptions pr\u00e9vues par la r\u00e9glementation en vigueur, toute responsabilit\u00e9 pour les dommages de toute nature qui pourraient \u00eatre dus au manque de disponibilit\u00e9, de continuit\u00e9 ou de qualit\u00e9 du fonctionnement du site Web et de ses contenus, en ne r\u00e9pondant pas \u00e0 l&rsquo;attente d&rsquo;utilit\u00e9 que les utilisateurs auraient pu attribuer au site Web et \u00e0 ses contenus.<\/p>\n<p>La fonction des liens externes qui apparaissent sur ce site Web est exclusivement d&rsquo;informer l&rsquo;utilisateur de l&rsquo;existence d&rsquo;autres sites Web qui contiennent des informations sur le sujet.<\/p>\n<p>L&rsquo;acc\u00e8s au site web n&rsquo;implique aucune obligation de la part de One Eden de contr\u00f4ler l&rsquo;absence de virus, de vers ou de tout autre \u00e9l\u00e9ment informatique nuisible.<br \/>\nPar cons\u00e9quent, One Eden n&rsquo;est pas responsable des \u00e9ventuelles erreurs de s\u00e9curit\u00e9 pouvant survenir lors de la fourniture du service du site Web, ni des \u00e9ventuels dommages pouvant \u00eatre caus\u00e9s au syst\u00e8me informatique de l&rsquo;utilisateur ou de tiers (mat\u00e9riel et logiciel), aux fichiers ou aux documents qui y sont stock\u00e9s, en raison de la pr\u00e9sence de virus dans l&rsquo;ordinateur de l&rsquo;utilisateur utilis\u00e9 pour se connecter aux services et aux contenus du site Web, d&rsquo;un dysfonctionnement du navigateur ou de l&rsquo;utilisation de versions non mises \u00e0 jour de celui-ci. <\/p>\n<\/p>\n<ol start=\"4\">\n<li><strong>  Limitation de la responsabilit\u00e9<\/strong><\/li>\n<\/ol>\n<p>One Eden d\u00e9cline toute responsabilit\u00e9 pour les d\u00e9cisions que l&rsquo;utilisateur pourrait prendre sur la base de ces informations, ainsi que pour les \u00e9ventuelles erreurs typographiques qui pourraient \u00eatre contenues dans les documents et les graphiques du site Web.<br \/>\nL&rsquo;information est sujette \u00e0 d&rsquo;\u00e9ventuelles modifications p\u00e9riodiques sans pr\u00e9avis de son contenu par extension, am\u00e9lioration, correction ou mise \u00e0 jour du contenu. <\/p>\n<ol start=\"5\">\n<li><strong>  S\u00e9curit\u00e9, confidentialit\u00e9 et protection des donn\u00e9es personnelles<\/strong><\/li>\n<\/ol>\n<p>One Eden garantit la s\u00e9curit\u00e9 et la confidentialit\u00e9 de toutes ses communications avec ses utilisateurs.<\/p>\n<p>One Eden a \u00e9tabli une politique de confidentialit\u00e9 dans le but de garantir une s\u00e9curit\u00e9 maximale dans le traitement des donn\u00e9es personnelles des utilisateurs et d&rsquo;assurer le respect de la l\u00e9gislation en vigueur en la mati\u00e8re.<\/p>\n<p>Au cours de la navigation sur le site www.oneeden.es, il est possible que des donn\u00e9es personnelles soient demand\u00e9es par le biais des formulaires disponibles \u00e0 cet effet.<br \/>\nCes donn\u00e9es feront partie des traitements pertinents en fonction de la finalit\u00e9 sp\u00e9cifique qui l\u00e9gitime leur collecte. <\/p>\n<p>Les informations particuli\u00e8res de chaque traitement de donn\u00e9es seront fournies avec chaque formulaire web, \u00e9tant donn\u00e9 qu&rsquo;elles sont communes \u00e0 tous les responsables du traitement des donn\u00e9es : One Eden, ainsi que le lieu et la forme d&rsquo;exercice des droits d&rsquo;acc\u00e8s, de rectification, d&rsquo;effacement, de portabilit\u00e9 de vos donn\u00e9es, ainsi que de limitation ou d&rsquo;opposition \u00e0 leur traitement, qui doivent \u00eatre formalis\u00e9s par une communication \u00e9crite \u00e0 l&rsquo;adresse \u00e9lectronique suivante <a href=\"https:\/\/web.archive.org\/web\/20230924135614\/mailto:legal@oneden.es\" target=\"_blank\" rel=\"noopener\">legal@oneden.es<\/a>, accompagn\u00e9e d&rsquo;une copie du DNI ou d&rsquo;un document d&rsquo;identification \u00e9quivalent.<\/p>\n<p>Dans le cas o\u00f9 l&rsquo;utilisateur fournit ses donn\u00e9es par le biais d&rsquo;un message \u00e9lectronique, celles-ci feront partie d&rsquo;un traitement dont la finalit\u00e9 sera la gestion de la demande d&rsquo;information ou du commentaire qui nous a \u00e9t\u00e9 adress\u00e9, \u00e9tant applicable le reste des extr\u00eames indiqu\u00e9s dans le paragraphe pr\u00e9c\u00e9dent.<\/p>\n<p>En outre, One Eden a mis en \u0153uvre les mesures techniques et organisationnelles n\u00e9cessaires pour \u00e9viter la perte, l&rsquo;utilisation abusive, l&rsquo;alt\u00e9ration, l&rsquo;acc\u00e8s non autoris\u00e9 et le vol des donn\u00e9es personnelles que les parties int\u00e9ress\u00e9es peuvent fournir \u00e0 la suite de l&rsquo;acc\u00e8s aux diff\u00e9rentes sections du site Web www.oneeden.es en appliquant les mesures de s\u00e9curit\u00e9 envisag\u00e9es dans le R\u00e8glement (UE) 2016\/679 du Parlement europ\u00e9en et du Conseil, du 27 avril 2016, relatif \u00e0 la protection des personnes physiques \u00e0 l&rsquo;\u00e9gard du traitement des donn\u00e9es \u00e0 caract\u00e8re personnel et \u00e0 la libre circulation de ces donn\u00e9es.<\/p>\n<\/p>\n<ol start=\"6\">\n<li><strong>  Comp\u00e9tence<\/strong><\/li>\n<\/ol>\n<p>Pour toute question relative \u00e0 l&rsquo;interpr\u00e9tation, \u00e0 l&rsquo;application et au respect des pr\u00e9sentes conditions g\u00e9n\u00e9rales, ainsi qu&rsquo;aux r\u00e9clamations pouvant d\u00e9couler de leur utilisation, toutes les parties concern\u00e9es se soumettent aux juges et tribunaux de Malaga, renon\u00e7ant express\u00e9ment \u00e0 toute autre juridiction qui pourrait leur correspondre.<\/p>\n\t\t\t\t\t\t\t\t<\/div>\n\t\t\t\t<\/div>\n\t\t\t\t\t<\/div>\n\t\t<\/div>\n\t\t\t\t<div class=\"elementor-column elementor-col-50 elementor-top-column elementor-element elementor-element-da3b8d6\" data-id=\"da3b8d6\" data-element_type=\"column\" data-e-type=\"column\">\n\t\t\t<div class=\"elementor-widget-wrap\">\n\t\t\t\t\t\t\t<\/div>\n\t\t<\/div>\n\t\t\t\t\t<\/div>\n\t\t<\/section>\n\t\t\t\t<\/div>\n\t\t","protected":false},"excerpt":{"rendered":"<p>Conditions g\u00e9n\u00e9rales d&rsquo;utilisation Conform\u00e9ment au devoir d&rsquo;information stipul\u00e9 dans l&rsquo;article 10 de la Loi 34\/2002 du 11 juillet sur les services de la soci\u00e9t\u00e9 de l&rsquo;information et du commerce \u00e9lectronique, ONE EDEN SPAIN LUXURY SLU, (ci-apr\u00e8s, \u00ab\u00a0One Eden\u00a0\u00bb) et en tant que propri\u00e9taire du site Web www.oneeden.com, proc\u00e8de \u00e0 la communication des donn\u00e9es d&rsquo;identification requises [&hellip;]<\/p>\n","protected":false},"author":1,"featured_media":0,"parent":0,"menu_order":0,"comment_status":"closed","ping_status":"closed","template":"","meta":{"content-type":"","footnotes":""},"class_list":["post-3940","page","type-page","status-publish","hentry"],"_links":{"self":[{"href":"https:\/\/www.oneeden.com\/fr\/wp-json\/wp\/v2\/pages\/3940","targetHints":{"allow":["GET"]}}],"collection":[{"href":"https:\/\/www.oneeden.com\/fr\/wp-json\/wp\/v2\/pages"}],"about":[{"href":"https:\/\/www.oneeden.com\/fr\/wp-json\/wp\/v2\/types\/page"}],"author":[{"embeddable":true,"href":"https:\/\/www.oneeden.com\/fr\/wp-json\/wp\/v2\/users\/1"}],"replies":[{"embeddable":true,"href":"https:\/\/www.oneeden.com\/fr\/wp-json\/wp\/v2\/comments?post=3940"}],"version-history":[{"count":1,"href":"https:\/\/www.oneeden.com\/fr\/wp-json\/wp\/v2\/pages\/3940\/revisions"}],"predecessor-version":[{"id":3941,"href":"https:\/\/www.oneeden.com\/fr\/wp-json\/wp\/v2\/pages\/3940\/revisions\/3941"}],"wp:attachment":[{"href":"https:\/\/www.oneeden.com\/fr\/wp-json\/wp\/v2\/media?parent=3940"}],"curies":[{"name":"wp","href":"https:\/\/api.w.org\/{rel}","templated":true}]}}