{"id":3800,"date":"2024-07-16T08:31:42","date_gmt":"2024-07-16T07:31:42","guid":{"rendered":"https:\/\/www.oneeden.com\/responsabilite-et-ethique\/"},"modified":"2024-08-13T09:01:35","modified_gmt":"2024-08-13T08:01:35","slug":"responsabilite-et-ethique","status":"publish","type":"page","link":"https:\/\/www.oneeden.com\/fr\/responsabilite-et-ethique\/","title":{"rendered":"Responsabilit\u00e9 et \u00e9thique"},"content":{"rendered":"<style>.elementor-3800 .elementor-element.elementor-element-7d0d700 .elementor-heading-title{color:var( --e-global-color-secondary );}@media(min-width:768px){.elementor-3800 .elementor-element.elementor-element-ceeeed2{width:80%;}.elementor-3800 .elementor-element.elementor-element-be11f2e{width:20%;}}<\/style>\t\t<div data-elementor-type=\"wp-page\" data-elementor-id=\"3800\" class=\"elementor elementor-3800 elementor-2469\" data-elementor-post-type=\"page\">\n\t\t\t\t\t\t<section class=\"elementor-section elementor-top-section elementor-element elementor-element-ad7d1df elementor-section-boxed elementor-section-height-default elementor-section-height-default\" data-id=\"ad7d1df\" data-element_type=\"section\" data-e-type=\"section\">\n\t\t\t\t\t\t<div class=\"elementor-container elementor-column-gap-default\">\n\t\t\t\t\t<div class=\"elementor-column elementor-col-50 elementor-top-column elementor-element elementor-element-ceeeed2\" data-id=\"ceeeed2\" data-element_type=\"column\" data-e-type=\"column\">\n\t\t\t<div class=\"elementor-widget-wrap elementor-element-populated\">\n\t\t\t\t\t\t<div class=\"elementor-element elementor-element-7d0d700 elementor-widget elementor-widget-heading\" data-id=\"7d0d700\" data-element_type=\"widget\" data-e-type=\"widget\" data-widget_type=\"heading.default\">\n\t\t\t\t<div class=\"elementor-widget-container\">\n\t\t\t\t\t<h2 class=\"elementor-heading-title elementor-size-default\">Responsabilit\u00e9 et \u00e9thique<\/h2>\t\t\t\t<\/div>\n\t\t\t\t<\/div>\n\t\t\t\t<div class=\"elementor-element elementor-element-8737da8 elementor-widget elementor-widget-text-editor\" data-id=\"8737da8\" data-element_type=\"widget\" data-e-type=\"widget\" data-widget_type=\"text-editor.default\">\n\t\t\t\t<div class=\"elementor-widget-container\">\n\t\t\t\t\t\t\t\t\t<p><span>One Eden et ses entreprises sont un groupe pleinement responsable qui s&rsquo;engage \u00e0 respecter toutes ses obligations l\u00e9gales et qui encourage une culture de respect des lois applicables ainsi que des engagements \u00e9thiques qu&rsquo;il a adopt\u00e9s.<\/span><\/p>\n<p><span>One Eden a donc mis en place un canal \u00e9thique par lequel les clients, les employ\u00e9s, les fournisseurs et les collaborateurs peuvent communiquer et nous informer de tout type de non-conformit\u00e9 qu&rsquo;ils consid\u00e8rent comme ayant eu lieu.<\/span><\/p>\n<p><span>Nous appr\u00e9cierions de recevoir toute communication qui nous permettrait de corriger l&rsquo;incident et de continuer \u00e0 nous d\u00e9velopper en tant qu&rsquo;entreprise.<\/span><\/p>\n<\/p>\n<p><span>Quelles sont les garanties offertes par le canal ?<\/span><\/p>\n<ul>\n<li><span>Il s&rsquo;agit d&rsquo;une m\u00e9thode <\/span><strong><span>confidentielle,<\/span><\/strong><span> c&rsquo;est-\u00e0-dire que seule la personne autoris\u00e9e et d\u00e9sign\u00e9e \u00e0 cet effet pourra prendre connaissance de l&rsquo;affaire signal\u00e9e.<\/span><\/li>\n<li><span>Les faits peuvent \u00eatre signal\u00e9s <\/span><strong><span>de mani\u00e8re anonyme<\/span><\/strong><span> Cela signifie qu&rsquo;il n&rsquo;est pas n\u00e9cessaire de fournir des donn\u00e9es lors du signalement.<\/span><\/li>\n<li><span>Aucune mesure de repr\u00e9sailles ne sera prise \u00e0 l&rsquo;encontre de ceux qui osent signaler un incident.<\/span><\/li>\n<\/ul>\n\t\t\t\t\t\t\t\t<\/div>\n\t\t\t\t<\/div>\n\t\t\t\t\t<\/div>\n\t\t<\/div>\n\t\t\t\t<div class=\"elementor-column elementor-col-50 elementor-top-column elementor-element elementor-element-be11f2e\" data-id=\"be11f2e\" data-element_type=\"column\" data-e-type=\"column\">\n\t\t\t<div class=\"elementor-widget-wrap\">\n\t\t\t\t\t\t\t<\/div>\n\t\t<\/div>\n\t\t\t\t\t<\/div>\n\t\t<\/section>\n\t\t\t\t<\/div>\n\t\t","protected":false},"excerpt":{"rendered":"<p>Responsabilit\u00e9 et \u00e9thique One Eden et ses entreprises sont un groupe pleinement responsable qui s&rsquo;engage \u00e0 respecter toutes ses obligations l\u00e9gales et qui encourage une culture de respect des lois applicables ainsi que des engagements \u00e9thiques qu&rsquo;il a adopt\u00e9s. One Eden a donc mis en place un canal \u00e9thique par lequel les clients, les employ\u00e9s, [&hellip;]<\/p>\n","protected":false},"author":1,"featured_media":0,"parent":0,"menu_order":0,"comment_status":"closed","ping_status":"closed","template":"","meta":{"content-type":"","footnotes":""},"class_list":["post-3800","page","type-page","status-publish","hentry"],"_links":{"self":[{"href":"https:\/\/www.oneeden.com\/fr\/wp-json\/wp\/v2\/pages\/3800","targetHints":{"allow":["GET"]}}],"collection":[{"href":"https:\/\/www.oneeden.com\/fr\/wp-json\/wp\/v2\/pages"}],"about":[{"href":"https:\/\/www.oneeden.com\/fr\/wp-json\/wp\/v2\/types\/page"}],"author":[{"embeddable":true,"href":"https:\/\/www.oneeden.com\/fr\/wp-json\/wp\/v2\/users\/1"}],"replies":[{"embeddable":true,"href":"https:\/\/www.oneeden.com\/fr\/wp-json\/wp\/v2\/comments?post=3800"}],"version-history":[{"count":1,"href":"https:\/\/www.oneeden.com\/fr\/wp-json\/wp\/v2\/pages\/3800\/revisions"}],"predecessor-version":[{"id":3801,"href":"https:\/\/www.oneeden.com\/fr\/wp-json\/wp\/v2\/pages\/3800\/revisions\/3801"}],"wp:attachment":[{"href":"https:\/\/www.oneeden.com\/fr\/wp-json\/wp\/v2\/media?parent=3800"}],"curies":[{"name":"wp","href":"https:\/\/api.w.org\/{rel}","templated":true}]}}