{"id":3942,"date":"2024-07-16T08:26:18","date_gmt":"2024-07-16T07:26:18","guid":{"rendered":"https:\/\/www.oneeden.com\/politica-de-cookies\/"},"modified":"2024-08-13T09:34:27","modified_gmt":"2024-08-13T08:34:27","slug":"politica-de-cookies","status":"publish","type":"page","link":"https:\/\/www.oneeden.com\/es\/politica-de-cookies\/","title":{"rendered":"Pol\u00edtica de cookies"},"content":{"rendered":"<style>.elementor-3942 .elementor-element.elementor-element-b1d503e .elementor-heading-title{color:var( --e-global-color-secondary );}@media(min-width:768px){.elementor-3942 .elementor-element.elementor-element-b2870ef{width:80%;}.elementor-3942 .elementor-element.elementor-element-b7eb38a{width:20%;}}<\/style>\t\t<div data-elementor-type=\"wp-page\" data-elementor-id=\"3942\" class=\"elementor elementor-3942 elementor-2459\" data-elementor-post-type=\"page\">\n\t\t\t\t\t\t<section class=\"elementor-section elementor-top-section elementor-element elementor-element-e7ae011 elementor-section-boxed elementor-section-height-default elementor-section-height-default\" data-id=\"e7ae011\" data-element_type=\"section\" data-e-type=\"section\">\n\t\t\t\t\t\t<div class=\"elementor-container elementor-column-gap-default\">\n\t\t\t\t\t<div class=\"elementor-column elementor-col-50 elementor-top-column elementor-element elementor-element-b2870ef\" data-id=\"b2870ef\" data-element_type=\"column\" data-e-type=\"column\">\n\t\t\t<div class=\"elementor-widget-wrap elementor-element-populated\">\n\t\t\t\t\t\t<div class=\"elementor-element elementor-element-b1d503e elementor-widget elementor-widget-heading\" data-id=\"b1d503e\" data-element_type=\"widget\" data-e-type=\"widget\" data-widget_type=\"heading.default\">\n\t\t\t\t<div class=\"elementor-widget-container\">\n\t\t\t\t\t<h2 class=\"elementor-heading-title elementor-size-default\">Pol\u00edtica de cookies<\/h2>\t\t\t\t<\/div>\n\t\t\t\t<\/div>\n\t\t\t\t<div class=\"elementor-element elementor-element-4a33660 elementor-widget elementor-widget-text-editor\" data-id=\"4a33660\" data-element_type=\"widget\" data-e-type=\"widget\" data-widget_type=\"text-editor.default\">\n\t\t\t\t<div class=\"elementor-widget-container\">\n\t\t\t\t\t\t\t\t\t<p><span>En One Eden podemos utilizar cookies propias o de terceros para mejorar los servicios que ofrecemos y su funcionamiento, as\u00ed como para optimizar la experiencia del usuario; y para elaborar informaci\u00f3n estad\u00edstica.<\/span><\/p>\n<p><strong><span>\u00bfQU\u00c9 SON LAS COOKIES?<\/span><\/strong><\/p>\n<p><span>Una cookie es un fichero que se descarga en tu ordenador al acceder a determinadas p\u00e1ginas web.<\/span><\/p>\n<p><span>Las cookies permiten a un sitio web, entre otras cosas, almacenar y recuperar informaci\u00f3n sobre los h\u00e1bitos de navegaci\u00f3n de un usuario o de su equipo y, en funci\u00f3n de la informaci\u00f3n que contengan y de la forma en que utilice su equipo, pueden utilizarse para reconocer al usuario.<\/span><\/p>\n<p><strong><span>\u00bfQU\u00c9 COOKIES UTILIZA ESTE SITIO WEB?<\/span><\/strong><\/p>\n<p><strong><span>Cookies necesarias<\/span><\/strong><\/p>\n<p><span>Se trata de cookies esenciales que no requieren consentimiento.<\/span><\/p>\n<\/p>\n<p><strong><span>__hs_opt_out<\/span><\/strong><\/p>\n<p><span>Esta cookie es utilizada por la pol\u00edtica de privacidad para recordar no volver a pedir al usuario que acepte cookies.<\/span><\/p>\n<p><span>Esta cookie se instala cuando se proporciona a los usuarios la opci\u00f3n de rechazar las cookies.<\/span><\/p>\n<p><span>Contiene la cadena \u00abs\u00ed\u00bb o \u00abno\u00bb.<\/span><\/p>\n<p><span>Caduca en 13 meses.<\/span><\/p>\n<\/p>\n<p><strong><span>__hs_do_not_track<\/span><\/strong><\/p>\n<p><span>Esta cookie puede configurarse para evitar que el c\u00f3digo de seguimiento env\u00ede informaci\u00f3n a HubSpot.<\/span><\/p>\n<p><span>Contiene la cadena \u00abs\u00ed\u00bb.<\/span><\/p>\n<p><span>Caduca en 13 meses.<\/span><\/p>\n<\/p>\n<p><strong><span>__hs_inicial_opt_in<\/span><\/strong><\/p>\n<p><span>Esta cookie se utiliza para evitar que se muestre siempre el banner cuando los usuarios navegan en modo estricto.<\/span><\/p>\n<p><span>Contiene la cadena \u00abs\u00ed\u00bb o \u00abno\u00bb.<\/span><\/p>\n<p><span>Caduca en siete d\u00edas.<\/span><\/p>\n<\/p>\n<p><strong><span>__hs_cookie_cat_pref<\/span><\/strong><\/p>\n<p><span>Esta cookie se utiliza para registrar las categor\u00edas a las que un usuario da su consentimiento.<\/span><\/p>\n<p><span>Contiene datos sobre las categor\u00edas a las que el usuario da su consentimiento.<\/span><\/p>\n<p><span>Caduca en 13 meses.<\/span><\/p>\n<\/p>\n<p><strong><span>hs_ab_test<\/span><\/strong><\/p>\n<p><span>Esta cookie se utiliza para proporcionar sistem\u00e1ticamente a los usuarios la misma versi\u00f3n de una p\u00e1gina de prueba A\/B que han visto antes.<\/span><\/p>\n<p><span>Contiene el id de la p\u00e1gina del test A\/B y el id de la variaci\u00f3n que se eligi\u00f3 para el usuario.<\/span><\/p>\n<p><span>Caduca al final de la sesi\u00f3n.<\/span><\/p>\n<\/p>\n<p><strong><span>&lt;id&gt;_key<\/span><\/strong><\/p>\n<p><span>Cuando visitas una p\u00e1gina protegida con contrase\u00f1a, esta cookie se establece para que las futuras visitas a la p\u00e1gina desde el mismo navegador no requieran un nuevo inicio de sesi\u00f3n.<\/span><\/p>\n<p><span>El nombre de la cookie es \u00fanico para cada p\u00e1gina protegida por contrase\u00f1a.<\/span><\/p>\n<p><span>Contiene una versi\u00f3n encriptada de la contrase\u00f1a para que las futuras visitas a la p\u00e1gina no requieran de nuevo la contrase\u00f1a.<\/span><\/p>\n<p><span>Caduca en 14 d\u00edas.<\/span><\/p>\n<\/p>\n<p><strong><span>hs-messages-is-open<\/span><\/strong><\/p>\n<p><span>Esta cookie se utiliza para determinar y guardar si el widget de chat est\u00e1 abierto para futuras visitas.<\/span><\/p>\n<p><span>Config\u00faralo en el navegador de tu usuario cuando inicie un nuevo chat y vuelve a cerrar el widget tras 30 minutos de inactividad.<\/span><\/p>\n<p><span>Contiene un valor booleano de Verdadero si est\u00e1 presente.<\/span><\/p>\n<p><span>Caduca en 30 minutos.<\/span><\/p>\n<\/p>\n<p><strong><span>hs-mensajes-ocultar-mensaje-de-bienvenida<\/span><\/strong><\/p>\n<p><span>Esta cookie se utiliza para evitar que el widget de chat se vuelva a ver durante un d\u00eda despu\u00e9s de ser descartado.<\/span><\/p>\n<p><span>Contiene un valor booleano de Verdadero o Falso.<\/span><\/p>\n<p><span>Caduca en un d\u00eda.<\/span><\/p>\n<\/p>\n<p><strong><span>__hsmem<\/span><\/strong><\/p>\n<p><span>Esta cookie se establece cuando los usuarios inician sesi\u00f3n en un sitio alojado por HubSpot.<\/span><\/p>\n<p><span>Contiene datos encriptados que identifican al usuario miembro cuando se conecta.<\/span><\/p>\n<p><span>Caduca en un a\u00f1o.<\/span><\/p>\n<\/p>\n<p><strong><span>hs-membres\u00eda-csrf<\/span><\/strong><\/p>\n<p><span>Esta cookie se utiliza para garantizar que no se puedan falsificar los inicios de sesi\u00f3n de los miembros de contenido.<\/span><\/p>\n<p><span>Contiene una cadena aleatoria de letras y n\u00fameros utilizada para verificar que el inicio de sesi\u00f3n de un miembro es aut\u00e9ntico.<\/span><\/p>\n<p><span>Caduca al final de la sesi\u00f3n.<\/span><\/p>\n<\/p>\n<p><strong><span>hs_langswitcher_choice<\/span><\/strong><\/p>\n<p><span>Esta cookie se utiliza para guardar la opci\u00f3n de idioma seleccionada por el usuario al visualizar p\u00e1ginas en varios idiomas.<\/span><\/p>\n<p><span>Se establece cuando un usuario final elige un idioma en el selector de idioma y se utiliza como preferencias de idioma para redirigirle a sitios en el idioma elegido en el futuro, si est\u00e1 disponible.<\/span><\/p>\n<p><span>Contiene una cadena delimitada por dos puntos con la opci\u00f3n de c\u00f3digo de idioma ISO639 a la izquierda y el dominio privado de nivel superior aplicable a la derecha.<br \/>\nUn ejemplo ser\u00eda \u00abES-US:hubspot.com\u00bb. <\/span><\/p>\n<p><span>Expira en dos a\u00f1os.<\/span><\/p>\n<\/p>\n<p><strong><span>__cfduid<\/span><\/strong><\/p>\n<p><span>Esta cookie la establece el proveedor de CDN de HubSpot.<br \/>\nAyuda a Cloudflare a detectar usuarios maliciosos en tu sitio web y minimizar el bloqueo de usuarios leg\u00edtimos. <\/span><\/p>\n<p><span>Puede colocarse en los dispositivos de los usuarios para identificar clientes individuales detr\u00e1s de una direcci\u00f3n IP compartida y aplicar ajustes de seguridad por cliente.<br \/>\nEs necesario para soportar las funciones de seguridad de Cloudfare. <\/span><\/p>\n<p><span>M\u00e1s informaci\u00f3n sobre esta cookie de Cloudflare.<\/span><\/p>\n<p><span>Se trata de una cookie de sesi\u00f3n que dura un m\u00e1ximo de 30 d\u00edas.<\/span><\/p>\n<\/p>\n<p><strong><span>__cfroid<\/span><\/strong><\/p>\n<p><span>Esta cookie la establece el proveedor de CDN de HubSpot debido a sus pol\u00edticas de limitaci\u00f3n de velocidad.<br \/>\nM\u00e1s informaci\u00f3n sobre las cookies de Cloudflare.<br \/>\nCaduca al final de la sesi\u00f3n.  <\/span><\/p>\n<\/p>\n<p><strong><span>Herramientas anal\u00edticas<\/span><\/strong><\/p>\n<p><span>Se trata de cookies no esenciales controladas por el banner de cookies.<br \/>\nSi eres usuario de un sitio compatible con HubSpot, puedes optar por no aceptar estas cookies no dando tu consentimiento. <\/span><\/p>\n<\/p>\n<p><strong><span>__hstc<\/span><\/strong><\/p>\n<p><span>La cookie principal para el seguimiento del usuario.<\/span><\/p>\n<p><span>Contiene el dominio, el utk, la marca de tiempo inicial (primera visita), la marca de tiempo m\u00e1s reciente (\u00faltima visita), la marca de tiempo actual (esta visita) y el n\u00famero de sesi\u00f3n (se incrementa para cada sesi\u00f3n posterior).<\/span><\/p>\n<p><span>Caduca en 13 meses.<\/span><\/p>\n<\/p>\n<p><strong><span>hubspotutk<\/span><\/strong><\/p>\n<p><span>Esta cookie rastrea la identidad de un usuario.<br \/>\nSe pasa a HubSpot al enviar el formulario y se utiliza al deduplicar contactos. <\/span><\/p>\n<p><span>Contiene un GUID opaco para representar al usuario actual.<\/span><\/p>\n<p><span>Caduca en 13 meses.<\/span><\/p>\n<\/p>\n<p><strong><span>__hssc<\/span><\/strong><\/p>\n<p><span>Esta cookie rastrea las sesiones.<\/span><\/p>\n<p><span>Se utiliza para determinar si HubSpot debe incrementar el n\u00famero de sesi\u00f3n y las marcas de tiempo en la cookie __hstc.<\/span><\/p>\n<p><span>Contiene el dominio, el recuento de vistas viewCount (incrementado con cada vista de p\u00e1gina en una sesi\u00f3n) y la marca de tiempo de inicio de una sesi\u00f3n.<\/span><\/p>\n<p><span>Caduca en 30 minutos.<\/span><\/p>\n<\/p>\n<p><strong><span>__hssrc<\/span><\/strong><\/p>\n<p><span>Cuando HubSpot cambia la cookie de sesi\u00f3n, esta cookie tambi\u00e9n se establece para determinar si el usuario ha reiniciado su navegador.<\/span><\/p>\n<p><span>Si esta cookie no existe cuando HubSpot gestiona las cookies, se considera una nueva sesi\u00f3n.<\/span><\/p>\n<p><span>Contiene el valor \u00ab1\u00bb cuando est\u00e1 presente.<\/span><\/p>\n<p><span>Caduca al final de la sesi\u00f3n.<\/span><\/p>\n<p><span>Si has iniciado sesi\u00f3n en HubSpot, HubSpot establecer\u00e1 cookies de autenticaci\u00f3n adicionales.<br \/>\nM\u00e1s informaci\u00f3n sobre las cookies establecidas en el producto HubSpot.<br \/>\nTambi\u00e9n puedes ver si un contacto ha aceptado estas cookies en su l\u00ednea de tiempo.  <\/span><\/p>\n<\/p>\n<p><strong><span>Cookies funcionales<\/span><\/strong><\/p>\n<p><strong><span>Cookie de Chatflow<\/span><\/strong><\/p>\n<p><span>Esta es la cookie utilizada para la herramienta de chatflows.<br \/>\nSi eres usuario, te permite chatear con un representante en el sitio. <\/span><\/p>\n<\/p>\n<p><strong><span>mensajesUtk<\/span><\/strong><\/p>\n<ul>\n<li><span>Esta cookie se utiliza para reconocer a los usuarios que chatean contigo utilizando la herramienta chatflows.<br \/>\nSi el usuario abandona tu sitio antes de ser a\u00f1adido como contacto, esta cookie quedar\u00e1 asociada a su navegador. <\/span><\/li>\n<li><span>Si chateas con un usuario que luego vuelve a tu sitio en el mismo navegador con cookies, la herramienta de flujos de chat cargar\u00e1 su historial de conversaci\u00f3n.<br \/>\nLa cookie se controla mediante el ajuste Consentimiento para recopilar cookies de chat en tu flujo de chat. <\/span><\/li>\n<li><span>Si esta configuraci\u00f3n est\u00e1 desactivada, la cookie se controla mediante la configuraci\u00f3n de Consentimiento para procesar en tu flujo de chat.<\/span><\/li>\n<li><span>HubSpot no eliminar\u00e1 la cookie de mensajer\u00eda Utk para los usuarios que hayan iniciado sesi\u00f3n a trav\u00e9s de la API de ID de usuario.<br \/>\nEl Banner Cookie de Analytics no se ver\u00e1 afectado. <\/span><\/li>\n<li><span>Esta cookie ser\u00e1 espec\u00edfica de un subdominio, y no se transferir\u00e1 a otros subdominios.<br \/>\nPor ejemplo, la cookie establecida para info.ejemplo.com no se aplicar\u00e1 al usuario cuando visite www.example.com y viceversa. <\/span><\/li>\n<li><span>Contiene un GUID opaco para representar al usuario actual del chat.<\/span><\/li>\n<li><span>Caduca en 13 meses.<\/span><\/li>\n<\/ul>\n<p><strong><span>Cookies publicitarias<\/span><\/strong><\/p>\n<p><span>Las cookies publicitarias son cookies de p\u00edxeles publicitarios (como Facebook, LinkedIn y Google) que puedes configurar utilizando la herramienta HubSpot Ads.<\/span><\/p>\n<p><span>Si tienes instalado el c\u00f3digo de p\u00edxel de Facebook en tu sitio web, Facebook puede colocar una cookie en los usuarios de tu sitio.<\/span><\/p>\n<p><span>Si utilizas la herramienta Anuncios de HubSpot para seleccionar e instalar tu p\u00edxel de Facebook en p\u00e1ginas con c\u00f3digo de seguimiento de HubSpot, HubSpot vincular\u00e1 la colocaci\u00f3n de ese c\u00f3digo de p\u00edxel al banner de notificaci\u00f3n de cookies.<br \/>\nSi solicitas el consentimiento mediante este banner, el p\u00edxel de Facebook no podr\u00e1 instalar ninguna cookie hasta que el usuario haya dado su consentimiento. <\/span><\/p>\n<p><span>Si colocas manualmente el c\u00f3digo del p\u00edxel en tus p\u00e1ginas (por ejemplo, editando el c\u00f3digo HTML del encabezado de tu sitio), HubSpot no podr\u00e1 controlar a qu\u00e9 usuarios puede colocar cookies Facebook.<\/span><\/p>\n<p><span>Para obtener informaci\u00f3n adicional, consulta las Condiciones de las herramientas de empresa de Facebook y la Gu\u00eda de consentimiento de cookies de Facebook.<\/span><\/p>\n<\/p>\n<p><strong><span>Cookies de sistemas externos<\/span><\/strong><\/p>\n<p><span>HubSpot no puede controlar las cookies colocadas por scripts de terceros en tu sitio web.<br \/>\nCuando un usuario acepta las cookies a trav\u00e9s del banner de consentimiento de HubSpot, s\u00f3lo acepta las cookies de HubSpot. <\/span><\/p>\n<p><span>Sin embargo, puedes crear c\u00f3digo para saber cu\u00e1ndo un usuario ha aceptado o rechazado el seguimiento de cookies de HubSpot, y luego enviar esa informaci\u00f3n a tu sistema de terceros.<br \/>\nM\u00e1s informaci\u00f3n sobre el uso del banner de consentimiento de HubSpot para scripts de terceros. <\/span><\/p>\n<\/p>\n<p><strong><span>REVOCACI\u00d3N O ELIMINACI\u00d3N DE COOKIES<\/span><\/strong><\/p>\n<p><span>Puedes permitir, bloquear o eliminar las cookies instaladas en tu equipo mediante la configuraci\u00f3n de las opciones del navegador instalado en tu ordenador.<br \/>\nAdem\u00e1s, puedes controlar su instalaci\u00f3n o no mediante el bot\u00f3n Configuraci\u00f3n de cookies. <\/span><\/p>\n<p><span>Si no permites la instalaci\u00f3n de determinadas cookies en tu navegador, es posible que no puedas acceder a algunas secciones de este sitio web.<\/span><\/p>\n<p><span>Puedes permitir, bloquear o eliminar las cookies instaladas en tu equipo mediante la configuraci\u00f3n de las opciones del navegador instalado en tu ordenador:<\/span><\/p>\n<ul>\n<li><span>Microsoft Internet Explorer o Microsoft Edge: <\/span><a href=\"https:\/\/web.archive.org\/web\/20230323134115\/http:\/\/windows.microsoft.com\/es-es\/windows-vista\/Block-or-allow-cookies\" target=\"_blank\" rel=\"noopener\"><span>http:\/\/windows.microsoft.com\/es-es\/windows-vista\/Block-or-allow-cookies<\/span><\/a><\/li>\n<li><span>Mozilla Firefox: <\/span><a href=\"https:\/\/web.archive.org\/web\/20230323134115\/http:\/\/support.mozilla.org\/es\/kb\/impedir-que-los-sitios-web-guarden-sus-preferencia\" target=\"_blank\" rel=\"noopener\"><span>http:\/\/support.mozilla.org\/en-US\/kb\/prevent-websites-from-saving-your-preferences<\/span><\/a><\/li>\n<li><span>Cromo: <\/span><a href=\"https:\/\/web.archive.org\/web\/20230323134115\/https:\/\/support.google.com\/accounts\/answer\/61416?hl=es\" target=\"_blank\" rel=\"noopener\"><span>https:\/\/support.google.com\/accounts\/answer\/61416?hl=en<\/span><\/a><\/li>\n<li><span>Safari: http:\/\/safari.helpmax.net\/en\/privacy-and-security\/how-to-manage-cookies\/<\/span><\/li>\n<li><span>Opera: http:\/\/help.opera.com\/Linux\/10.60\/es-ES\/cookies.html Adem\u00e1s, tambi\u00e9n puedes gestionar el almac\u00e9n de cookies de tu navegador a trav\u00e9s de herramientas como las siguientes:<\/span><\/li>\n<li><span>Ghostery: <\/span><a href=\"https:\/\/web.archive.org\/web\/20230323134115\/http:\/\/www.ghostery.com\/\" target=\"_blank\" rel=\"noopener\"><span>www.ghostery.com\/<\/span><\/a><\/li>\n<li><span>Tus elecciones en l\u00ednea: <\/span><a href=\"https:\/\/web.archive.org\/web\/20230323134115\/http:\/\/www.youronlinechoices.com\/es\/\" target=\"_blank\" rel=\"noopener\"><span>www.youronlinechoices.com\/es\/<\/span><\/a><\/li>\n<\/ul>\n\t\t\t\t\t\t\t\t<\/div>\n\t\t\t\t<\/div>\n\t\t\t\t\t<\/div>\n\t\t<\/div>\n\t\t\t\t<div class=\"elementor-column elementor-col-50 elementor-top-column elementor-element elementor-element-b7eb38a\" data-id=\"b7eb38a\" data-element_type=\"column\" data-e-type=\"column\">\n\t\t\t<div class=\"elementor-widget-wrap\">\n\t\t\t\t\t\t\t<\/div>\n\t\t<\/div>\n\t\t\t\t\t<\/div>\n\t\t<\/section>\n\t\t\t\t<\/div>\n\t\t","protected":false},"excerpt":{"rendered":"<p>Pol\u00edtica de cookies En One Eden podemos utilizar cookies propias o de terceros para mejorar los servicios que ofrecemos y su funcionamiento, as\u00ed como para optimizar la experiencia del usuario; y para elaborar informaci\u00f3n estad\u00edstica. \u00bfQU\u00c9 SON LAS COOKIES? Una cookie es un fichero que se descarga en tu ordenador al acceder a determinadas p\u00e1ginas [&hellip;]<\/p>\n","protected":false},"author":1,"featured_media":0,"parent":0,"menu_order":0,"comment_status":"closed","ping_status":"closed","template":"","meta":{"content-type":"","footnotes":""},"class_list":["post-3942","page","type-page","status-publish","hentry"],"_links":{"self":[{"href":"https:\/\/www.oneeden.com\/es\/wp-json\/wp\/v2\/pages\/3942","targetHints":{"allow":["GET"]}}],"collection":[{"href":"https:\/\/www.oneeden.com\/es\/wp-json\/wp\/v2\/pages"}],"about":[{"href":"https:\/\/www.oneeden.com\/es\/wp-json\/wp\/v2\/types\/page"}],"author":[{"embeddable":true,"href":"https:\/\/www.oneeden.com\/es\/wp-json\/wp\/v2\/users\/1"}],"replies":[{"embeddable":true,"href":"https:\/\/www.oneeden.com\/es\/wp-json\/wp\/v2\/comments?post=3942"}],"version-history":[{"count":1,"href":"https:\/\/www.oneeden.com\/es\/wp-json\/wp\/v2\/pages\/3942\/revisions"}],"predecessor-version":[{"id":3943,"href":"https:\/\/www.oneeden.com\/es\/wp-json\/wp\/v2\/pages\/3942\/revisions\/3943"}],"wp:attachment":[{"href":"https:\/\/www.oneeden.com\/es\/wp-json\/wp\/v2\/media?parent=3942"}],"curies":[{"name":"wp","href":"https:\/\/api.w.org\/{rel}","templated":true}]}}