{"id":3931,"date":"2024-07-16T08:24:03","date_gmt":"2024-07-16T07:24:03","guid":{"rendered":"https:\/\/www.oneeden.com\/condiciones-generales\/"},"modified":"2024-08-13T09:34:27","modified_gmt":"2024-08-13T08:34:27","slug":"condiciones-generales","status":"publish","type":"page","link":"https:\/\/www.oneeden.com\/es\/condiciones-generales\/","title":{"rendered":"Condiciones generales"},"content":{"rendered":"<style>.elementor-3931 .elementor-element.elementor-element-9dc6c6a .elementor-heading-title{color:var( --e-global-color-secondary );}@media(min-width:768px){.elementor-3931 .elementor-element.elementor-element-d2efea6{width:80%;}.elementor-3931 .elementor-element.elementor-element-da3b8d6{width:20%;}}<\/style>\t\t<div data-elementor-type=\"wp-page\" data-elementor-id=\"3931\" class=\"elementor elementor-3931 elementor-2454\" data-elementor-post-type=\"page\">\n\t\t\t\t\t\t<section class=\"elementor-section elementor-top-section elementor-element elementor-element-a39ed33 elementor-section-boxed elementor-section-height-default elementor-section-height-default\" data-id=\"a39ed33\" data-element_type=\"section\" data-e-type=\"section\">\n\t\t\t\t\t\t<div class=\"elementor-container elementor-column-gap-default\">\n\t\t\t\t\t<div class=\"elementor-column elementor-col-50 elementor-top-column elementor-element elementor-element-d2efea6\" data-id=\"d2efea6\" data-element_type=\"column\" data-e-type=\"column\">\n\t\t\t<div class=\"elementor-widget-wrap elementor-element-populated\">\n\t\t\t\t\t\t<div class=\"elementor-element elementor-element-9dc6c6a elementor-widget elementor-widget-heading\" data-id=\"9dc6c6a\" data-element_type=\"widget\" data-e-type=\"widget\" data-widget_type=\"heading.default\">\n\t\t\t\t<div class=\"elementor-widget-container\">\n\t\t\t\t\t<h2 class=\"elementor-heading-title elementor-size-default\">Condiciones generales<\/h2>\t\t\t\t<\/div>\n\t\t\t\t<\/div>\n\t\t\t\t<div class=\"elementor-element elementor-element-4267ca3 elementor-widget elementor-widget-text-editor\" data-id=\"4267ca3\" data-element_type=\"widget\" data-e-type=\"widget\" data-widget_type=\"text-editor.default\">\n\t\t\t\t<div class=\"elementor-widget-container\">\n\t\t\t\t\t\t\t\t\t<p>En cumplimiento con el deber de informaci\u00f3n recogido en el art\u00edculo 10 de la Ley 34\/2002, de 11 de julio, de Servicios de la Sociedad de la Informaci\u00f3n y de Comercio Electr\u00f3nico, ONE EDEN SPAIN LUXURY SLU, (en adelante, \u00abOne Eden\u00bb) y como titular del Sitio Web www.oneeden.com, procede a comunicar los datos identificativos exigidos por la citada norma:<\/p>\n<\/p>\n<p><strong>Nombre de la empresa:<\/strong> One Eden Spain Luxury S.L.U., (en adelante, \u00abOne Eden\u00bb)<br \/><strong>Domicilio social:<\/strong> Plaza de Bulevar, Edificio B, Local 12, 1\u00aa Planta, Oficinas 1A y 1B, C\u00f3digo Postal: 29649, La Cala de Mijas, M\u00e1laga<br \/><strong>CIF:<\/strong> B72258734<br \/><strong>Direcci\u00f3n de correo electr\u00f3nico:<\/strong> legal@oneeden.es<br \/><strong>Datos registrales en el Registro Mercantil de M\u00e1laga:<\/strong> Hoja n\u00ba.<br \/>\nMA &#8211; 138.460, Folio 124, Libro 4504, Tomo 5.597 Inscripci\u00f3n 3\u00aa. <\/p>\n<\/p>\n<p>La presente informaci\u00f3n conforma y regula las condiciones de uso, las limitaciones de responsabilidad y las obligaciones que los usuarios del Sitio Web que se publica bajo el nombre de dominio www.oneeden.com, asumen y se comprometen a respetar.<\/p>\n<\/p>\n<ol>\n<li><strong>  Condiciones de uso<\/strong><\/li>\n<\/ol>\n<p>La utilizaci\u00f3n del Sitio Web atribuye la condici\u00f3n de usuario, ya sea persona f\u00edsica o jur\u00eddica, e implica de forma obligatoria la aceptaci\u00f3n plena y sin reservas de todas las cl\u00e1usulas y condiciones establecidas en el Protocolo de T\u00e9rminos y Condiciones.<br \/>\nEn caso de que el usuario no est\u00e9 de acuerdo con las cl\u00e1usulas y condiciones de estos T\u00e9rminos y Condiciones, deber\u00e1 abstenerse de utilizar este Sitio Web. <\/p>\n<p>Estos T\u00e9rminos y Condiciones pueden cambiar y actualizarse, por lo que la versi\u00f3n publicada por One Eden puede ser diferente en cada momento en que el usuario acceda al Sitio Web.<br \/>\nDe este modo, el usuario debe leer los T\u00e9rminos y Condiciones cada vez que acceda al Sitio Web. <\/p>\n<p>A trav\u00e9s del Sitio Web, One Eden facilita a los usuarios el acceso y la utilizaci\u00f3n de diversos contenidos publicados en Internet por One Eden o por terceros autorizados.<\/p>\n<p>El usuario se obliga y compromete a hacer uso del Sitio Web y de los contenidos incluidos en el mismo, de conformidad con la normativa vigente, as\u00ed como con las normas de convivencia, la moral y buenas costumbres generalmente aceptadas.<\/p>\n<p>El usuario se compromete a no utilizar cualquiera de los contenidos incluidos en el Sitio Web con fines o efectos il\u00edcitos, de mala fe, o expresamente prohibidos en las Condiciones Generales o en la normativa vigente, o con fines que supongan la violaci\u00f3n de los derechos e intereses de terceros o que, de cualquier forma, puedan deteriorar, sobrecargar, inutilizar, da\u00f1ar o impedir la normal utilizaci\u00f3n o acceso a los contenidos del Sitio Web, los equipos inform\u00e1ticos, los documentos, archivos y toda clase de contenidos almacenados en los equipos inform\u00e1ticos propios o contratados por One Eden, de otros usuarios o de cualquier usuario de Internet.<\/p>\n<p>En consecuencia, el usuario no podr\u00e1<\/p>\n<ul>\n<li>Reproducir, copiar, distribuir, poner a disposici\u00f3n o comunicar p\u00fablicamente, transformar o modificar los contenidos del Sitio Web, a menos que One Eden lo haya autorizado expresamente y por escrito, ya que es One Eden quien ostenta la titularidad de los correspondientes derechos.<\/li>\n<li>Suprimir, manipular, alterar de cualquier forma el \u00abcopyright\u00bb y dem\u00e1s datos identificativos de la reserva de derechos de One Eden o de sus titulares, identificadores digitales o cualesquiera otros medios t\u00e9cnicos establecidos para su reconocimiento.<\/li>\n<li>Socavar de alg\u00fan modo el cr\u00e9dito de One Eden.<\/li>\n<li>Violar la normativa sobre el secreto de las comunicaciones.<\/li>\n<li>Constituyan publicidad il\u00edcita, enga\u00f1osa o desleal.<\/li>\n<\/ul>\n<p>El usuario deber\u00e1 abstenerse de obtener los contenidos incluidos en el Sitio Web empleando para ello medios y procedimientos distintos de los que, seg\u00fan los casos, se hayan puesto a su disposici\u00f3n a este efecto o, en general, de los que se empleen habitualmente en Internet a este efecto siempre que no entra\u00f1en un riesgo de da\u00f1o o inutilizaci\u00f3n del Sitio Web y sus contenidos.<\/p>\n<p>Todos los contenidos incluidos en este Sitio Web se facilitan \u00fanicamente a efectos informativos, por lo que en ning\u00fan caso pueden servir de base para recursos o reclamaciones ni constituir fuente de derechos.<\/p>\n<\/p>\n<ol start=\"2\">\n<li><strong>  Propiedad intelectual<\/strong><\/li>\n<\/ol>\n<p>Todos aquellos nombres comerciales, marcas o signos distintivos de cualquier clase que se encuentran en el Sitio Web son propiedad de One Eden o, en su caso, de terceros que han autorizado su uso, sin que pueda entenderse que el acceso o uso del Sitio Web o de los contenidos en \u00e9l incluidos atribuya al usuario derecho alguno sobre los citados nombres comerciales, marcas y signos distintivos, y sin que puedan entenderse cedidos al usuario, ninguno de los derechos de explotaci\u00f3n que existen o puedan existir sobre dichos contenidos.<\/p>\n<p>De igual modo los contenidos del Sitio Web son propiedad intelectual de One Eden, o de terceros en su caso, por lo que los derechos de propiedad intelectual son titularidad de One Eden o de terceros que han autorizado su uso a quienes corresponde el ejercicio exclusivo de los derechos de explotaci\u00f3n de los mismos en cualquier forma y, en especial, los derechos de reproducci\u00f3n, comunicaci\u00f3n p\u00fablica, distribuci\u00f3n y transformaci\u00f3n.<\/p>\n<p>La utilizaci\u00f3n no autorizada de la informaci\u00f3n contenida en esta Web, as\u00ed como la lesi\u00f3n de los derechos de propiedad intelectual o industrial de One Eden o de terceros incluidos en la P\u00e1gina que hayan cedido contenidos dar\u00e1 lugar a las responsabilidades legalmente establecidas.<\/p>\n<\/p>\n<ol start=\"3\">\n<li><strong>  Disponibilidad del sitio web<\/strong><\/li>\n<\/ol>\n<p>One Eden no garantiza la inexistencia de interrupciones o errores en el acceso al Sitio Web o a su contenido, ni que \u00e9ste se encuentre actualizado, aunque desarrollar\u00e1 sus mejores esfuerzos para, en su caso, proceder a su correcci\u00f3n y actualizaci\u00f3n.<br \/>\nOne Eden no se responsabiliza de los da\u00f1os o perjuicios de cualquier tipo producidos en el Usuario que traigan causa de fallos o desconexiones en las redes de telecomunicaciones que produzcan la suspensi\u00f3n, cancelaci\u00f3n o interrupci\u00f3n del servicio del Sitio Web durante la prestaci\u00f3n del mismo o con car\u00e1cter previo. <\/p>\n<p>One Eden excluye, con las excepciones contempladas en la normativa vigente, cualquier responsabilidad por los da\u00f1os y perjuicios de toda naturaleza que puedan deberse a la falta de disponibilidad, continuidad o calidad del funcionamiento del Sitio Web y de los contenidos, al no cumplimiento de la expectativa de utilidad que los usuarios hubieren podido atribuir al Sitio Web y a los contenidos.<\/p>\n<p>La funci\u00f3n de los enlaces externos que aparecen en este Sitio Web es exclusivamente la de informar al usuario sobre la existencia de otros Sitios Web que contienen informaci\u00f3n sobre la materia.<\/p>\n<p>El acceso al Sitio Web no implica la obligaci\u00f3n por parte de One Eden de controlar la ausencia de virus, gusanos o cualquier otro elemento inform\u00e1tico da\u00f1ino.<br \/>\nCorresponde al Usuario, en todo caso, la disponibilidad de herramientas adecuadas para la detecci\u00f3n y desinfecci\u00f3n de programas inform\u00e1ticos da\u00f1inos, por lo tanto, One Eden no se hace responsable de los posibles errores de seguridad que se puedan producir durante la prestaci\u00f3n del servicio del Sitio Web, ni de los posibles da\u00f1os que puedan causarse al sistema inform\u00e1tico del usuario o de terceros (hardware y software), los ficheros o documentos almacenados en el mismo, como consecuencia de la presencia de virus en el ordenador del usuario utilizado para la conexi\u00f3n a los servicios y contenidos del Sitio Web, de un mal funcionamiento del navegador o del uso de versiones no actualizadas del mismo. <\/p>\n<\/p>\n<ol start=\"4\">\n<li><strong>  Limitaci\u00f3n de responsabilidad<\/strong><\/li>\n<\/ol>\n<p>One Eden excluye toda responsabilidad por las decisiones que el Usuario pueda tomar basado en esta informaci\u00f3n, as\u00ed como por los posibles errores tipogr\u00e1ficos que puedan contener los documentos y gr\u00e1ficos de la Web.<br \/>\nLa informaci\u00f3n est\u00e1 sujeta a posibles cambios peri\u00f3dicos sin previo aviso de su contenido por ampliaci\u00f3n, mejora, correcci\u00f3n o actualizaci\u00f3n de los contenidos. <\/p>\n<ol start=\"5\">\n<li><strong>  Seguridad, confidencialidad y protecci\u00f3n de los datos personales<\/strong><\/li>\n<\/ol>\n<p>One Eden garantiza la seguridad y confidencialidad en todas sus comunicaciones con sus usuarios.<\/p>\n<p>One Eden ha establecido una Pol\u00edtica de Privacidad con el fin de garantizar la m\u00e1xima seguridad en el tratamiento de los datos personales de los usuarios y con el objetivo de asegurar el cumplimiento de la legislaci\u00f3n vigente en esta materia.<\/p>\n<p>Durante la navegaci\u00f3n a trav\u00e9s del Sitio Web www.oneeden.es es posible que se soliciten datos de car\u00e1cter personal a trav\u00e9s de los formularios dispuestos al efecto.<br \/>\nEstos datos formar\u00e1n parte de los tratamientos pertinentes en funci\u00f3n de la finalidad espec\u00edfica que legitime su recogida. <\/p>\n<p>La informaci\u00f3n particular de cada tratamiento de datos se facilitar\u00e1 junto con cada formulario web, siendo com\u00fan a todos ellos el Responsable del Tratamiento: One Eden, as\u00ed como el lugar y forma de ejercicio de los derechos de acceso, rectificaci\u00f3n, supresi\u00f3n, portabilidad de tus datos, as\u00ed como la limitaci\u00f3n u oposici\u00f3n a su tratamiento, que deber\u00e1 formalizarse mediante comunicaci\u00f3n escrita a la siguiente direcci\u00f3n de correo electr\u00f3nico <a href=\"https:\/\/web.archive.org\/web\/20230924135614\/mailto:legal@oneden.es\" target=\"_blank\" rel=\"noopener\">legal@oneden.es<\/a> incluyendo copia del DNI o documento identificativo equivalente.<\/p>\n<p>En el caso de que el usuario facilite sus datos a trav\u00e9s de un mensaje de correo electr\u00f3nico, formar\u00e1 parte de un tratamiento cuya finalidad ser\u00e1 la gesti\u00f3n de la solicitud de informaci\u00f3n o comentario que nos realice, si\u00e9ndole de aplicaci\u00f3n el resto de los extremos se\u00f1alados en el p\u00e1rrafo anterior.<\/p>\n<p>Asimismo, One Eden ha implantado las medidas t\u00e9cnicas y organizativas necesarias para evitar la p\u00e9rdida, mal uso, alteraci\u00f3n, acceso no autorizado y robo de los Datos Personales que los interesados puedan facilitar como consecuencia del acceso a las distintas secciones del Sitio Web www.oneeden.es aplicando las medidas de seguridad contempladas en el Reglamento (UE) 2016\/679 del Parlamento Europeo y del Consejo, de 27 de abril de 2016 relativo a la protecci\u00f3n de las personas f\u00edsicas en lo que respecta al tratamiento de datos personales y a la libre circulaci\u00f3n de estos datos.<\/p>\n<\/p>\n<ol start=\"6\">\n<li><strong>  Jurisdicci\u00f3n<\/strong><\/li>\n<\/ol>\n<p>Para cuantas cuestiones se susciten sobre la interpretaci\u00f3n, aplicaci\u00f3n y cumplimiento de estas Condiciones Generales, as\u00ed como de las reclamaciones que puedan derivarse de su uso, todos los intervinientes se someten a los Jueces y Tribunales de M\u00e1laga, con renuncia expresa a cualquier otro fuero que pudiera corresponderles.<\/p>\n\t\t\t\t\t\t\t\t<\/div>\n\t\t\t\t<\/div>\n\t\t\t\t\t<\/div>\n\t\t<\/div>\n\t\t\t\t<div class=\"elementor-column elementor-col-50 elementor-top-column elementor-element elementor-element-da3b8d6\" data-id=\"da3b8d6\" data-element_type=\"column\" data-e-type=\"column\">\n\t\t\t<div class=\"elementor-widget-wrap\">\n\t\t\t\t\t\t\t<\/div>\n\t\t<\/div>\n\t\t\t\t\t<\/div>\n\t\t<\/section>\n\t\t\t\t<\/div>\n\t\t","protected":false},"excerpt":{"rendered":"<p>Condiciones generales En cumplimiento con el deber de informaci\u00f3n recogido en el art\u00edculo 10 de la Ley 34\/2002, de 11 de julio, de Servicios de la Sociedad de la Informaci\u00f3n y de Comercio Electr\u00f3nico, ONE EDEN SPAIN LUXURY SLU, (en adelante, \u00abOne Eden\u00bb) y como titular del Sitio Web www.oneeden.com, procede a comunicar los datos [&hellip;]<\/p>\n","protected":false},"author":1,"featured_media":0,"parent":0,"menu_order":0,"comment_status":"closed","ping_status":"closed","template":"","meta":{"content-type":"","footnotes":""},"class_list":["post-3931","page","type-page","status-publish","hentry"],"_links":{"self":[{"href":"https:\/\/www.oneeden.com\/es\/wp-json\/wp\/v2\/pages\/3931","targetHints":{"allow":["GET"]}}],"collection":[{"href":"https:\/\/www.oneeden.com\/es\/wp-json\/wp\/v2\/pages"}],"about":[{"href":"https:\/\/www.oneeden.com\/es\/wp-json\/wp\/v2\/types\/page"}],"author":[{"embeddable":true,"href":"https:\/\/www.oneeden.com\/es\/wp-json\/wp\/v2\/users\/1"}],"replies":[{"embeddable":true,"href":"https:\/\/www.oneeden.com\/es\/wp-json\/wp\/v2\/comments?post=3931"}],"version-history":[{"count":2,"href":"https:\/\/www.oneeden.com\/es\/wp-json\/wp\/v2\/pages\/3931\/revisions"}],"predecessor-version":[{"id":3937,"href":"https:\/\/www.oneeden.com\/es\/wp-json\/wp\/v2\/pages\/3931\/revisions\/3937"}],"wp:attachment":[{"href":"https:\/\/www.oneeden.com\/es\/wp-json\/wp\/v2\/media?parent=3931"}],"curies":[{"name":"wp","href":"https:\/\/api.w.org\/{rel}","templated":true}]}}